{"id":6335,"date":"2026-05-09T23:17:53","date_gmt":"2026-05-09T21:17:53","guid":{"rendered":"https:\/\/ladysescortsibiza.com\/?post_type=product&#038;p=6335"},"modified":"2026-05-09T23:19:01","modified_gmt":"2026-05-09T21:19:01","slug":"mia-6","status":"publish","type":"product","link":"https:\/\/ladysescortsibiza.com\/it\/escorts\/mia-6\/","title":{"rendered":"Mia"},"content":{"rendered":"<p data-start=\"1098\" data-end=\"1416\">Ciao amore, sono <strong data-start=\"1122\" data-end=\"1135\">Mia<\/strong>a <strong data-start=\"1141\" data-end=\"1181\">escort latina di alta classe a Ibiza<\/strong>, con curvas armoniosas, piel suave y una personalidad que combina dulzura, pasi\u00f3n y un estilo sofisticado que no pasa desapercibido. Me encanta cuidar cada detalle para que la experiencia sea natural, cercana y totalmente exclusiva.<\/p>\n<p data-start=\"1418\" data-end=\"1691\">Estoy en la isla para vivir contigo momentos selectos: cenas privadas frente al mar, paseos en yate por aguas cristalinas, veladas \u00edntimas y encuentros donde la discreci\u00f3n y la conexi\u00f3n personal lo son todo. Todo pensado para que disfrutes de una experiencia a tu medida.<\/p>\n<p data-start=\"1693\" data-end=\"1939\">Sono disponibile <strong data-start=\"1710\" data-end=\"1726\">24 ore su 24<\/strong>Posso recarmi presso la vostra sede <strong data-start=\"1751\" data-end=\"1775\">hotel, villa o barca<\/strong>o di ricevervi in un <strong data-start=\"1795\" data-end=\"1827\">appartamento privato a Ibiza<\/strong>, \u00edntimo, c\u00f3modo y reservado solo para nosotros, perfecto para desconectar y disfrutar con total tranquilidad.<\/p>\n<p data-start=\"1941\" data-end=\"2047\">Haz tu reserva y perm\u00edteme convertirme en ese plan especial que recordar\u00e1s mucho despu\u00e9s de dejar la isla.<\/p>","protected":false},"excerpt":{"rendered":"<div style=\"width: 576px;\" class=\"wp-video\"><!--[if lt IE 9]><script>document.createElement('video');<\/script><![endif]--><br \/>\n<video class=\"wp-video-shortcode\" id=\"video-6335-1\" width=\"576\" height=\"1008\" preload=\"metadata\" controls=\"controls\"><source type=\"video\/mp4\" src=\"https:\/\/ladysescortsibiza.com\/wp-content\/uploads\/2026\/05\/Video-Mia-Chica-Imagen-Ibiza.mp4?_=1\" \/><a href=\"https:\/\/ladysescortsibiza.com\/wp-content\/uploads\/2026\/05\/Video-Mia-Chica-Imagen-Ibiza.mp4\">https:\/\/ladysescortsibiza.com\/wp-content\/uploads\/2026\/05\/Video-Mia-Chica-Imagen-Ibiza.mp4<\/a><\/video><\/div>","protected":false},"featured_media":6339,"template":"","meta":{"_acf_changed":false,"site-sidebar-layout":"default","site-content-layout":"","ast-site-content-layout":"default","site-content-style":"default","site-sidebar-style":"default","ast-global-header-display":"","ast-banner-title-visibility":"","ast-main-header-display":"","ast-hfb-above-header-display":"","ast-hfb-below-header-display":"","ast-hfb-mobile-header-display":"","site-post-title":"","ast-breadcrumbs-content":"","ast-featured-img":"","footer-sml-layout":"","theme-transparent-header-meta":"default","adv-header-id-meta":"","stick-header-meta":"","header-above-stick-meta":"","header-main-stick-meta":"","header-below-stick-meta":"","astra-migrate-meta-layouts":"set","ast-page-background-enabled":"default","ast-page-background-meta":{"desktop":{"background-color":"var(--ast-global-color-4)","background-image":"","background-repeat":"repeat","background-position":"center center","background-size":"auto","background-attachment":"scroll","background-type":"","background-media":"","overlay-type":"","overlay-color":"","overlay-opacity":"","overlay-gradient":""},"tablet":{"background-color":"","background-image":"","background-repeat":"repeat","background-position":"center center","background-size":"auto","background-attachment":"scroll","background-type":"","background-media":"","overlay-type":"","overlay-color":"","overlay-opacity":"","overlay-gradient":""},"mobile":{"background-color":"","background-image":"","background-repeat":"repeat","background-position":"center center","background-size":"auto","background-attachment":"scroll","background-type":"","background-media":"","overlay-type":"","overlay-color":"","overlay-opacity":"","overlay-gradient":""}},"ast-content-background-meta":{"desktop":{"background-color":"var(--ast-global-color-5)","background-image":"","background-repeat":"repeat","background-position":"center center","background-size":"auto","background-attachment":"scroll","background-type":"","background-media":"","overlay-type":"","overlay-color":"","overlay-opacity":"","overlay-gradient":""},"tablet":{"background-color":"var(--ast-global-color-5)","background-image":"","background-repeat":"repeat","background-position":"center center","background-size":"auto","background-attachment":"scroll","background-type":"","background-media":"","overlay-type":"","overlay-color":"","overlay-opacity":"","overlay-gradient":""},"mobile":{"background-color":"var(--ast-global-color-5)","background-image":"","background-repeat":"repeat","background-position":"center center","background-size":"auto","background-attachment":"scroll","background-type":"","background-media":"","overlay-type":"","overlay-color":"","overlay-opacity":"","overlay-gradient":""}},"_joinchat":[]},"product_cat":[16],"product_tag":[],"acf":[],"gallery_images":[6339,6336,6337,6338,6340,6341,6342,6343,6344,6345],"_links":{"self":[{"href":"https:\/\/ladysescortsibiza.com\/it\/wp-json\/wp\/v2\/product\/6335"}],"collection":[{"href":"https:\/\/ladysescortsibiza.com\/it\/wp-json\/wp\/v2\/product"}],"about":[{"href":"https:\/\/ladysescortsibiza.com\/it\/wp-json\/wp\/v2\/types\/product"}],"wp:featuredmedia":[{"embeddable":true,"href":"https:\/\/ladysescortsibiza.com\/it\/wp-json\/wp\/v2\/media\/6339"}],"wp:attachment":[{"href":"https:\/\/ladysescortsibiza.com\/it\/wp-json\/wp\/v2\/media?parent=6335"}],"wp:term":[{"taxonomy":"product_cat","embeddable":true,"href":"https:\/\/ladysescortsibiza.com\/it\/wp-json\/wp\/v2\/product_cat?post=6335"},{"taxonomy":"product_tag","embeddable":true,"href":"https:\/\/ladysescortsibiza.com\/it\/wp-json\/wp\/v2\/product_tag?post=6335"}],"curies":[{"name":"wp","href":"https:\/\/api.w.org\/{rel}","templated":true}]}}