{"id":6303,"date":"2026-05-09T15:07:31","date_gmt":"2026-05-09T13:07:31","guid":{"rendered":"https:\/\/ladysescortsibiza.com\/?post_type=product&#038;p=6303"},"modified":"2026-05-09T15:07:31","modified_gmt":"2026-05-09T13:07:31","slug":"kendal","status":"publish","type":"product","link":"https:\/\/ladysescortsibiza.com\/it\/escorts\/kendal\/","title":{"rendered":"Kendal"},"content":{"rendered":"<p data-start=\"111\" data-end=\"430\">Ciao tesoro, sono <strong data-start=\"136\" data-end=\"147\">Kendal<\/strong>a <strong data-start=\"153\" data-end=\"187\">escort latina di lusso a Ibiza<\/strong>, con una figura cuidada, piel suave y una personalidad que combina dulzura, sensualidad y un estilo sofisticado que hace cada encuentro especial. Me gusta crear una atm\u00f3sfera cercana y relajada donde todo fluya con naturalidad y discreci\u00f3n.<\/p>\n<p data-start=\"432\" data-end=\"707\">Estoy en la isla para compartir contigo experiencias \u00fanicas e inolvidables: cenas rom\u00e1nticas frente al mar, paseos en yate al atardecer, veladas privadas y momentos \u00edntimos llenos de complicidad. Cada cita se adapta a ti para que vivas algo realmente exclusivo y memorable.<\/p>\n<p data-start=\"709\" data-end=\"892\">Sono disponibile <strong data-start=\"726\" data-end=\"734\">24\/7<\/strong>Faccio gite a <strong data-start=\"754\" data-end=\"782\">hotel, ville e barche<\/strong>o posso ricevervi in un <strong data-start=\"808\" data-end=\"840\">appartamento privato a Ibiza<\/strong>, \u00edntimo, elegante y reservado solo para nosotros.<\/p>\n<p data-start=\"894\" data-end=\"1013\">Reserva ahora y d\u00e9jame convertirme en ese recuerdo especial que har\u00e1 tu estancia en la isla verdaderamente inolvidable.<\/p>","protected":false},"excerpt":{"rendered":"<p>Hola cielo, soy Kendal, una escort latina de lujo en Ibiza, con una figura cuidada, piel suave y una personalidad [&hellip;]<\/p>","protected":false},"featured_media":6305,"template":"","meta":{"_acf_changed":false,"site-sidebar-layout":"default","site-content-layout":"","ast-site-content-layout":"default","site-content-style":"default","site-sidebar-style":"default","ast-global-header-display":"","ast-banner-title-visibility":"","ast-main-header-display":"","ast-hfb-above-header-display":"","ast-hfb-below-header-display":"","ast-hfb-mobile-header-display":"","site-post-title":"","ast-breadcrumbs-content":"","ast-featured-img":"","footer-sml-layout":"","theme-transparent-header-meta":"default","adv-header-id-meta":"","stick-header-meta":"","header-above-stick-meta":"","header-main-stick-meta":"","header-below-stick-meta":"","astra-migrate-meta-layouts":"set","ast-page-background-enabled":"default","ast-page-background-meta":{"desktop":{"background-color":"var(--ast-global-color-4)","background-image":"","background-repeat":"repeat","background-position":"center center","background-size":"auto","background-attachment":"scroll","background-type":"","background-media":"","overlay-type":"","overlay-color":"","overlay-opacity":"","overlay-gradient":""},"tablet":{"background-color":"","background-image":"","background-repeat":"repeat","background-position":"center center","background-size":"auto","background-attachment":"scroll","background-type":"","background-media":"","overlay-type":"","overlay-color":"","overlay-opacity":"","overlay-gradient":""},"mobile":{"background-color":"","background-image":"","background-repeat":"repeat","background-position":"center center","background-size":"auto","background-attachment":"scroll","background-type":"","background-media":"","overlay-type":"","overlay-color":"","overlay-opacity":"","overlay-gradient":""}},"ast-content-background-meta":{"desktop":{"background-color":"var(--ast-global-color-5)","background-image":"","background-repeat":"repeat","background-position":"center center","background-size":"auto","background-attachment":"scroll","background-type":"","background-media":"","overlay-type":"","overlay-color":"","overlay-opacity":"","overlay-gradient":""},"tablet":{"background-color":"var(--ast-global-color-5)","background-image":"","background-repeat":"repeat","background-position":"center center","background-size":"auto","background-attachment":"scroll","background-type":"","background-media":"","overlay-type":"","overlay-color":"","overlay-opacity":"","overlay-gradient":""},"mobile":{"background-color":"var(--ast-global-color-5)","background-image":"","background-repeat":"repeat","background-position":"center center","background-size":"auto","background-attachment":"scroll","background-type":"","background-media":"","overlay-type":"","overlay-color":"","overlay-opacity":"","overlay-gradient":""}},"_joinchat":[]},"product_cat":[16],"product_tag":[],"acf":[],"gallery_images":[6305,6304,6306,6307,6308],"_links":{"self":[{"href":"https:\/\/ladysescortsibiza.com\/it\/wp-json\/wp\/v2\/product\/6303"}],"collection":[{"href":"https:\/\/ladysescortsibiza.com\/it\/wp-json\/wp\/v2\/product"}],"about":[{"href":"https:\/\/ladysescortsibiza.com\/it\/wp-json\/wp\/v2\/types\/product"}],"wp:featuredmedia":[{"embeddable":true,"href":"https:\/\/ladysescortsibiza.com\/it\/wp-json\/wp\/v2\/media\/6305"}],"wp:attachment":[{"href":"https:\/\/ladysescortsibiza.com\/it\/wp-json\/wp\/v2\/media?parent=6303"}],"wp:term":[{"taxonomy":"product_cat","embeddable":true,"href":"https:\/\/ladysescortsibiza.com\/it\/wp-json\/wp\/v2\/product_cat?post=6303"},{"taxonomy":"product_tag","embeddable":true,"href":"https:\/\/ladysescortsibiza.com\/it\/wp-json\/wp\/v2\/product_tag?post=6303"}],"curies":[{"name":"wp","href":"https:\/\/api.w.org\/{rel}","templated":true}]}}