{"id":1324,"date":"2024-06-06T15:57:39","date_gmt":"2024-06-06T15:57:39","guid":{"rendered":"https:\/\/ladysescortsibiza.com\/?page_id=1324"},"modified":"2025-03-28T11:30:01","modified_gmt":"2025-03-28T11:30:01","slug":"aviso-legal","status":"publish","type":"page","link":"https:\/\/ladysescortsibiza.com\/it\/avviso-legale\/","title":{"rendered":"Avviso legale"},"content":{"rendered":"<p>Data di entrata in vigore: giugno 2024<\/p>\r\n\r\n\r\n\r\n<h3 class=\"wp-block-heading\">1. Propriet\u00e0 del sito web<\/h3>\r\n\r\n\r\n\r\n<p>Il presente avviso legale regola l'utilizzo del sito web www.ladysescortsibiza.com, di seguito denominato sito web, di propriet\u00e0 del titolare del dominio www.ladysescortsibiza.com.<\/p>\r\n\r\n\r\n\r\n<h3 class=\"wp-block-heading\">2. Accettazione delle Condizioni d'uso<\/h3>\r\n\r\n\r\n\r\n<p>L'accesso e l'utilizzo del Sito web implica l'accettazione completa e senza riserve di tutte le disposizioni contenute nel presente Avviso legale. Se l'utente non \u00e8 d'accordo con una qualsiasi delle condizioni qui esposte, non deve utilizzare il Sito web.<\/p>\r\n\r\n\r\n\r\n<h3 class=\"wp-block-heading\">3. Condizioni di utilizzo<\/h3>\r\n\r\n\r\n\r\n<p>L'utente si impegna a utilizzare il Sito nel rispetto della legge, del buon costume e dell'ordine pubblico. Allo stesso modo, l'utente si impegna a non utilizzare il Sito per scopi illeciti o lesivi dei diritti e degli interessi di terzi, o in qualsiasi modo che possa danneggiare, rendere inutilizzabile, sovraccaricare o deteriorare il Sito o impedire il normale utilizzo o godimento dello stesso.<\/p>\r\n\r\n\r\n\r\n<h3 class=\"wp-block-heading\">4. Propriet\u00e0 intellettuale e industriale<\/h3>\r\n\r\n\r\n\r\n<p>Il Titolare \u00e8 il proprietario o, se del caso, dispone delle corrispondenti licenze sui diritti di sfruttamento della propriet\u00e0 intellettuale e industriale del Sito web, nonch\u00e9 di tutti i contenuti ivi offerti, tra cui, a titolo esemplificativo e non esaustivo: programmazione, redazione, compilazione e altri elementi necessari al suo funzionamento, disegni, loghi, testi, grafica e\/o qualsiasi altro contenuto.<\/p>\r\n\r\n\r\n\r\n<p>La riproduzione totale o parziale, l'uso, lo sfruttamento, la distribuzione e la commercializzazione sono espressamente vietati senza la previa autorizzazione scritta dell'albergatore. Qualsiasi utilizzo non preventivamente autorizzato dall'albergatore sar\u00e0 considerato una grave violazione dei diritti di propriet\u00e0 intellettuale o industriale dell'autore.<\/p>\r\n\r\n\r\n\r\n<h3 class=\"wp-block-heading\">5. Responsabilit\u00e0<\/h3>\r\n\r\n\r\n\r\n<p>Il Titolare non sar\u00e0 responsabile per i danni di qualsiasi natura che possano causare errori o omissioni nei contenuti, la mancata disponibilit\u00e0 del Sito o la trasmissione di virus o programmi dannosi o nocivi nei contenuti, nonostante abbia adottato tutte le misure tecnologiche necessarie per impedirlo.<\/p>\r\n\r\n\r\n\r\n<p>Il Sito pu\u00f2 contenere link a siti web di terzi. Il Titolare non si assume alcuna responsabilit\u00e0 per il contenuto, le politiche sulla privacy o le pratiche di tali siti web.<\/p>\r\n\r\n\r\n\r\n<h3 class=\"wp-block-heading\">6. Modifiche<\/h3>\r\n\r\n\r\n\r\n<p>L'Intestatario si riserva il diritto di apportare le modifiche che ritiene opportune al Sito web senza preavviso e pu\u00f2 cambiare, eliminare o aggiungere sia i contenuti e i servizi forniti attraverso il Sito web sia il modo in cui sono presentati o collocati sul Sito web.<\/p>\r\n\r\n\r\n\r\n<h3 class=\"wp-block-heading\">7. Protezione dei dati personali<\/h3>\r\n\r\n\r\n\r\n<p>Il Titolare si impegna a rispettare la normativa in materia di protezione dei dati personali e garantisce il pieno adempimento degli obblighi previsti, nonch\u00e9 l'attuazione delle misure di sicurezza previste dal Regolamento generale sulla protezione dei dati (RGPD) e dalla Legge organica sulla protezione dei dati e sulla garanzia dei diritti digitali (LOPDGDD). Per ulteriori informazioni, consultare la nostra Informativa sulla privacy.<\/p>\r\n\r\n\r\n\r\n<h3 class=\"wp-block-heading\">8. Legge applicabile e giurisdizione<\/h3>\r\n\r\n\r\n\r\n<p>I rapporti tra il Titolare e gli utenti del Sito web saranno regolati dalla legislazione spagnola vigente e qualsiasi controversia sar\u00e0 sottoposta alle corti e ai tribunali della citt\u00e0 di [City], a meno che la normativa applicabile non preveda diversamente.<\/p>\r\n\r\n\r\n\r\n<h3 class=\"wp-block-heading\">9. Contatto<\/h3>\r\n\r\n\r\n\r\n<p>In caso di domande sulle presenti condizioni, si prega di contattarci al seguente indirizzo e-mail: info@ladysescortsibiza.com<\/p>\r\n\r\n\r\n<hr class=\"wp-block-separator has-alpha-channel-opacity\" \/>\r\n\r\n\r\n<p>Utilizzando il nostro sito web, l'utente accetta i termini del presente Avviso legale. Se non si accettano tali termini, si prega di non utilizzare il nostro sito.<\/p>\r\n\r\n\r\n\r\n<p>Grazie per aver visitato ladysescortsibiza.com.<\/p>","protected":false},"excerpt":{"rendered":"<p>Fecha de entrada en vigor: Junio del 2024 1. Titularidad del Sitio Web El presente aviso legal regula el uso [&hellip;]<\/p>","protected":false},"author":4,"featured_media":0,"parent":0,"menu_order":0,"comment_status":"closed","ping_status":"closed","template":"","meta":{"_acf_changed":false,"site-sidebar-layout":"default","site-content-layout":"","ast-site-content-layout":"default","site-content-style":"default","site-sidebar-style":"default","ast-global-header-display":"","ast-banner-title-visibility":"","ast-main-header-display":"","ast-hfb-above-header-display":"","ast-hfb-below-header-display":"","ast-hfb-mobile-header-display":"","site-post-title":"","ast-breadcrumbs-content":"","ast-featured-img":"","footer-sml-layout":"","theme-transparent-header-meta":"default","adv-header-id-meta":"","stick-header-meta":"","header-above-stick-meta":"","header-main-stick-meta":"","header-below-stick-meta":"","astra-migrate-meta-layouts":"set","ast-page-background-enabled":"default","ast-page-background-meta":{"desktop":{"background-color":"var(--ast-global-color-4)","background-image":"","background-repeat":"repeat","background-position":"center center","background-size":"auto","background-attachment":"scroll","background-type":"","background-media":"","overlay-type":"","overlay-color":"","overlay-opacity":"","overlay-gradient":""},"tablet":{"background-color":"","background-image":"","background-repeat":"repeat","background-position":"center center","background-size":"auto","background-attachment":"scroll","background-type":"","background-media":"","overlay-type":"","overlay-color":"","overlay-opacity":"","overlay-gradient":""},"mobile":{"background-color":"","background-image":"","background-repeat":"repeat","background-position":"center center","background-size":"auto","background-attachment":"scroll","background-type":"","background-media":"","overlay-type":"","overlay-color":"","overlay-opacity":"","overlay-gradient":""}},"ast-content-background-meta":{"desktop":{"background-color":"var(--ast-global-color-5)","background-image":"","background-repeat":"repeat","background-position":"center center","background-size":"auto","background-attachment":"scroll","background-type":"","background-media":"","overlay-type":"","overlay-color":"","overlay-opacity":"","overlay-gradient":""},"tablet":{"background-color":"var(--ast-global-color-5)","background-image":"","background-repeat":"repeat","background-position":"center center","background-size":"auto","background-attachment":"scroll","background-type":"","background-media":"","overlay-type":"","overlay-color":"","overlay-opacity":"","overlay-gradient":""},"mobile":{"background-color":"var(--ast-global-color-5)","background-image":"","background-repeat":"repeat","background-position":"center center","background-size":"auto","background-attachment":"scroll","background-type":"","background-media":"","overlay-type":"","overlay-color":"","overlay-opacity":"","overlay-gradient":""}},"_joinchat":[],"footnotes":""},"acf":[],"_links":{"self":[{"href":"https:\/\/ladysescortsibiza.com\/it\/wp-json\/wp\/v2\/pages\/1324"}],"collection":[{"href":"https:\/\/ladysescortsibiza.com\/it\/wp-json\/wp\/v2\/pages"}],"about":[{"href":"https:\/\/ladysescortsibiza.com\/it\/wp-json\/wp\/v2\/types\/page"}],"author":[{"embeddable":true,"href":"https:\/\/ladysescortsibiza.com\/it\/wp-json\/wp\/v2\/users\/4"}],"replies":[{"embeddable":true,"href":"https:\/\/ladysescortsibiza.com\/it\/wp-json\/wp\/v2\/comments?post=1324"}],"version-history":[{"count":4,"href":"https:\/\/ladysescortsibiza.com\/it\/wp-json\/wp\/v2\/pages\/1324\/revisions"}],"predecessor-version":[{"id":3906,"href":"https:\/\/ladysescortsibiza.com\/it\/wp-json\/wp\/v2\/pages\/1324\/revisions\/3906"}],"wp:attachment":[{"href":"https:\/\/ladysescortsibiza.com\/it\/wp-json\/wp\/v2\/media?parent=1324"}],"curies":[{"name":"wp","href":"https:\/\/api.w.org\/{rel}","templated":true}]}}