{"id":6347,"date":"2026-05-13T03:11:29","date_gmt":"2026-05-13T01:11:29","guid":{"rendered":"https:\/\/ladysescortsibiza.com\/?post_type=product&#038;p=6347"},"modified":"2026-05-13T03:11:29","modified_gmt":"2026-05-13T01:11:29","slug":"samantha-3","status":"publish","type":"product","link":"https:\/\/ladysescortsibiza.com\/fr\/escorts\/samantha-3\/","title":{"rendered":"Samantha"},"content":{"rendered":"<p data-start=\"903\" data-end=\"1205\">Bonjour mon amour, je suis <strong data-start=\"927\" data-end=\"937\">Samantha<\/strong>a <strong data-start=\"943\" data-end=\"985\">escorte de luxe \u00e0 Ibiza<\/strong>, con una presencia sofisticada, piel suave y una personalidad que combina elegancia, cercan\u00eda y un toque de sensualidad que hace cada encuentro \u00fanico. Me gusta que todo sea natural y exclusivo desde el primer momento.<\/p>\n<p data-start=\"1207\" data-end=\"1396\">Estoy en la isla para vivir contigo momentos selectos: cenas privadas frente al mar, paseos en yate por aguas cristalinas, veladas \u00edntimas y encuentros llenos de complicidad y discreci\u00f3n.<\/p>\n<p data-start=\"1398\" data-end=\"1584\">Je suis disponible <strong data-start=\"1415\" data-end=\"1431\">24 heures par jour<\/strong>Je peux me rendre sur place <strong data-start=\"1456\" data-end=\"1480\">h\u00f4tel, villa ou bateau<\/strong>ou vous recevoir dans un <strong data-start=\"1500\" data-end=\"1532\">appartement priv\u00e9 \u00e0 Ibiza<\/strong>, \u00edntimo, elegante y reservado solo para nosotros.<\/p>\n<p data-start=\"1586\" data-end=\"1681\">Haz tu reserva y perm\u00edteme ser ese plan especial que recordar\u00e1s mucho despu\u00e9s de dejar la isla.<\/p>","protected":false},"excerpt":{"rendered":"<div style=\"width: 480px;\" class=\"wp-video\"><!--[if lt IE 9]><script>document.createElement('video');<\/script><![endif]--><br \/>\n<video class=\"wp-video-shortcode\" id=\"video-6347-1\" width=\"480\" height=\"848\" preload=\"metadata\" controls=\"controls\"><source type=\"video\/mp4\" src=\"https:\/\/ladysescortsibiza.com\/wp-content\/uploads\/2026\/05\/Video-Samantha-Escort-Vip-en-Ibiza.mp4?_=1\" \/><a href=\"https:\/\/ladysescortsibiza.com\/wp-content\/uploads\/2026\/05\/Video-Samantha-Escort-Vip-en-Ibiza.mp4\">https:\/\/ladysescortsibiza.com\/wp-content\/uploads\/2026\/05\/Video-Samantha-Escort-Vip-en-Ibiza.mp4<\/a><\/video><\/div>","protected":false},"featured_media":6349,"template":"","meta":{"_acf_changed":false,"site-sidebar-layout":"default","site-content-layout":"","ast-site-content-layout":"default","site-content-style":"default","site-sidebar-style":"default","ast-global-header-display":"","ast-banner-title-visibility":"","ast-main-header-display":"","ast-hfb-above-header-display":"","ast-hfb-below-header-display":"","ast-hfb-mobile-header-display":"","site-post-title":"","ast-breadcrumbs-content":"","ast-featured-img":"","footer-sml-layout":"","theme-transparent-header-meta":"default","adv-header-id-meta":"","stick-header-meta":"","header-above-stick-meta":"","header-main-stick-meta":"","header-below-stick-meta":"","astra-migrate-meta-layouts":"set","ast-page-background-enabled":"default","ast-page-background-meta":{"desktop":{"background-color":"var(--ast-global-color-4)","background-image":"","background-repeat":"repeat","background-position":"center center","background-size":"auto","background-attachment":"scroll","background-type":"","background-media":"","overlay-type":"","overlay-color":"","overlay-opacity":"","overlay-gradient":""},"tablet":{"background-color":"","background-image":"","background-repeat":"repeat","background-position":"center center","background-size":"auto","background-attachment":"scroll","background-type":"","background-media":"","overlay-type":"","overlay-color":"","overlay-opacity":"","overlay-gradient":""},"mobile":{"background-color":"","background-image":"","background-repeat":"repeat","background-position":"center center","background-size":"auto","background-attachment":"scroll","background-type":"","background-media":"","overlay-type":"","overlay-color":"","overlay-opacity":"","overlay-gradient":""}},"ast-content-background-meta":{"desktop":{"background-color":"var(--ast-global-color-5)","background-image":"","background-repeat":"repeat","background-position":"center center","background-size":"auto","background-attachment":"scroll","background-type":"","background-media":"","overlay-type":"","overlay-color":"","overlay-opacity":"","overlay-gradient":""},"tablet":{"background-color":"var(--ast-global-color-5)","background-image":"","background-repeat":"repeat","background-position":"center center","background-size":"auto","background-attachment":"scroll","background-type":"","background-media":"","overlay-type":"","overlay-color":"","overlay-opacity":"","overlay-gradient":""},"mobile":{"background-color":"var(--ast-global-color-5)","background-image":"","background-repeat":"repeat","background-position":"center center","background-size":"auto","background-attachment":"scroll","background-type":"","background-media":"","overlay-type":"","overlay-color":"","overlay-opacity":"","overlay-gradient":""}},"_joinchat":[]},"product_cat":[16],"product_tag":[],"acf":[],"gallery_images":[6349,6348,6350,6351,6352,6353],"_links":{"self":[{"href":"https:\/\/ladysescortsibiza.com\/fr\/wp-json\/wp\/v2\/product\/6347"}],"collection":[{"href":"https:\/\/ladysescortsibiza.com\/fr\/wp-json\/wp\/v2\/product"}],"about":[{"href":"https:\/\/ladysescortsibiza.com\/fr\/wp-json\/wp\/v2\/types\/product"}],"wp:featuredmedia":[{"embeddable":true,"href":"https:\/\/ladysescortsibiza.com\/fr\/wp-json\/wp\/v2\/media\/6349"}],"wp:attachment":[{"href":"https:\/\/ladysescortsibiza.com\/fr\/wp-json\/wp\/v2\/media?parent=6347"}],"wp:term":[{"taxonomy":"product_cat","embeddable":true,"href":"https:\/\/ladysescortsibiza.com\/fr\/wp-json\/wp\/v2\/product_cat?post=6347"},{"taxonomy":"product_tag","embeddable":true,"href":"https:\/\/ladysescortsibiza.com\/fr\/wp-json\/wp\/v2\/product_tag?post=6347"}],"curies":[{"name":"wp","href":"https:\/\/api.w.org\/{rel}","templated":true}]}}