{"id":6241,"date":"2026-05-05T05:02:13","date_gmt":"2026-05-05T03:02:13","guid":{"rendered":"https:\/\/ladysescortsibiza.com\/?post_type=product&#038;p=6241"},"modified":"2026-05-05T05:02:13","modified_gmt":"2026-05-05T03:02:13","slug":"mariana-2","status":"publish","type":"product","link":"https:\/\/ladysescortsibiza.com\/fr\/escorts\/mariana-2\/","title":{"rendered":"Mariana"},"content":{"rendered":"<p data-start=\"3229\" data-end=\"3541\">Bonjour ch\u00e9rie, je suis <strong data-start=\"3254\" data-end=\"3266\">Mariana<\/strong>a <strong data-start=\"3272\" data-end=\"3310\">escort exclusiva en Ibiza<\/strong>, con una presencia sofisticada, piel suave y una personalidad que combina dulzura, elegancia y una sensualidad natural que te atrapar\u00e1 desde el primer instante. Me gusta crear un ambiente \u00edntimo donde todo fluya con naturalidad.<\/p>\n<p data-start=\"3543\" data-end=\"3729\">Estoy en la isla para compartir contigo experiencias \u00fanicas: cenas rom\u00e1nticas frente al mar, paseos en yate al atardecer, veladas privadas y encuentros llenos de conexi\u00f3n y discreci\u00f3n.<\/p>\n<p data-start=\"3731\" data-end=\"3908\">Disponible <strong data-start=\"3742\" data-end=\"3750\">24\/7<\/strong>Je fais des sorties \u00e0 <strong data-start=\"3770\" data-end=\"3798\">h\u00f4tels, villas et bateaux<\/strong>ou je peux vous recevoir dans un <strong data-start=\"3824\" data-end=\"3856\">appartement priv\u00e9 \u00e0 Ibiza<\/strong>, \u00edntimo, elegante y reservado solo para nosotros.<\/p>\n<p data-start=\"3910\" data-end=\"4003\">Reserva ahora y d\u00e9jame ser ese recuerdo especial que har\u00e1 tu estancia en la isla inolvidable.<\/p>","protected":false},"excerpt":{"rendered":"<div style=\"width: 576px;\" class=\"wp-video\"><!--[if lt IE 9]><script>document.createElement('video');<\/script><![endif]--><br \/>\n<video class=\"wp-video-shortcode\" id=\"video-6241-1\" width=\"576\" height=\"1024\" preload=\"metadata\" controls=\"controls\"><source type=\"video\/mp4\" src=\"https:\/\/ladysescortsibiza.com\/wp-content\/uploads\/2026\/05\/Mariana-Ibiza-Escort.mp4?_=1\" \/><a href=\"https:\/\/ladysescortsibiza.com\/wp-content\/uploads\/2026\/05\/Mariana-Ibiza-Escort.mp4\">https:\/\/ladysescortsibiza.com\/wp-content\/uploads\/2026\/05\/Mariana-Ibiza-Escort.mp4<\/a><\/video><\/div>","protected":false},"featured_media":6244,"template":"","meta":{"_acf_changed":false,"site-sidebar-layout":"default","site-content-layout":"","ast-site-content-layout":"default","site-content-style":"default","site-sidebar-style":"default","ast-global-header-display":"","ast-banner-title-visibility":"","ast-main-header-display":"","ast-hfb-above-header-display":"","ast-hfb-below-header-display":"","ast-hfb-mobile-header-display":"","site-post-title":"","ast-breadcrumbs-content":"","ast-featured-img":"","footer-sml-layout":"","theme-transparent-header-meta":"default","adv-header-id-meta":"","stick-header-meta":"","header-above-stick-meta":"","header-main-stick-meta":"","header-below-stick-meta":"","astra-migrate-meta-layouts":"set","ast-page-background-enabled":"default","ast-page-background-meta":{"desktop":{"background-color":"var(--ast-global-color-4)","background-image":"","background-repeat":"repeat","background-position":"center center","background-size":"auto","background-attachment":"scroll","background-type":"","background-media":"","overlay-type":"","overlay-color":"","overlay-opacity":"","overlay-gradient":""},"tablet":{"background-color":"","background-image":"","background-repeat":"repeat","background-position":"center center","background-size":"auto","background-attachment":"scroll","background-type":"","background-media":"","overlay-type":"","overlay-color":"","overlay-opacity":"","overlay-gradient":""},"mobile":{"background-color":"","background-image":"","background-repeat":"repeat","background-position":"center center","background-size":"auto","background-attachment":"scroll","background-type":"","background-media":"","overlay-type":"","overlay-color":"","overlay-opacity":"","overlay-gradient":""}},"ast-content-background-meta":{"desktop":{"background-color":"var(--ast-global-color-5)","background-image":"","background-repeat":"repeat","background-position":"center center","background-size":"auto","background-attachment":"scroll","background-type":"","background-media":"","overlay-type":"","overlay-color":"","overlay-opacity":"","overlay-gradient":""},"tablet":{"background-color":"var(--ast-global-color-5)","background-image":"","background-repeat":"repeat","background-position":"center center","background-size":"auto","background-attachment":"scroll","background-type":"","background-media":"","overlay-type":"","overlay-color":"","overlay-opacity":"","overlay-gradient":""},"mobile":{"background-color":"var(--ast-global-color-5)","background-image":"","background-repeat":"repeat","background-position":"center center","background-size":"auto","background-attachment":"scroll","background-type":"","background-media":"","overlay-type":"","overlay-color":"","overlay-opacity":"","overlay-gradient":""}},"_joinchat":[]},"product_cat":[16],"product_tag":[],"acf":[],"gallery_images":[6244,6242,6243,6246,6247],"_links":{"self":[{"href":"https:\/\/ladysescortsibiza.com\/fr\/wp-json\/wp\/v2\/product\/6241"}],"collection":[{"href":"https:\/\/ladysescortsibiza.com\/fr\/wp-json\/wp\/v2\/product"}],"about":[{"href":"https:\/\/ladysescortsibiza.com\/fr\/wp-json\/wp\/v2\/types\/product"}],"wp:featuredmedia":[{"embeddable":true,"href":"https:\/\/ladysescortsibiza.com\/fr\/wp-json\/wp\/v2\/media\/6244"}],"wp:attachment":[{"href":"https:\/\/ladysescortsibiza.com\/fr\/wp-json\/wp\/v2\/media?parent=6241"}],"wp:term":[{"taxonomy":"product_cat","embeddable":true,"href":"https:\/\/ladysescortsibiza.com\/fr\/wp-json\/wp\/v2\/product_cat?post=6241"},{"taxonomy":"product_tag","embeddable":true,"href":"https:\/\/ladysescortsibiza.com\/fr\/wp-json\/wp\/v2\/product_tag?post=6241"}],"curies":[{"name":"wp","href":"https:\/\/api.w.org\/{rel}","templated":true}]}}