{"id":6121,"date":"2026-02-17T23:37:37","date_gmt":"2026-02-17T22:37:37","guid":{"rendered":"https:\/\/queensibiza.com\/?post_type=product&#038;p=5098"},"modified":"2026-04-17T08:21:47","modified_gmt":"2026-04-17T06:21:47","slug":"lucia-3","status":"publish","type":"product","link":"https:\/\/ladysescortsibiza.com\/fr\/escorts\/mia-9\/","title":{"rendered":"Lucie"},"content":{"rendered":"<p data-start=\"110\" data-end=\"402\">Bonjour ch\u00e9rie, je suis <strong data-start=\"126\" data-end=\"136\">Lucie<\/strong>a <strong data-start=\"142\" data-end=\"177\">escorte de luxe \u00e0 Ibiza<\/strong>J'ai une silhouette fine, une peau douce et une personnalit\u00e9 qui allie \u00e9l\u00e9gance, proximit\u00e9 et une touche de sensualit\u00e9 naturelle. J'aime que chaque rencontre soit confortable, d\u00e9tendue et pleine de complicit\u00e9 d\u00e8s le premier instant.<\/p>\n<p data-start=\"732\" data-end=\"981\">Je suis disponible <strong data-start=\"749\" data-end=\"757\">24\/7<\/strong>Je fais des sorties \u00e0 <strong data-start=\"777\" data-end=\"805\">h\u00f4tels, villas et bateaux<\/strong>et je peux aussi vous recevoir dans un <strong data-start=\"839\" data-end=\"871\">appartement priv\u00e9 \u00e0 Ibiza<\/strong>L'intimit\u00e9, l'\u00e9l\u00e9gance et l'espace r\u00e9serv\u00e9 pour nous, id\u00e9al pour profiter sans h\u00e2te et en toute tranquillit\u00e9.<\/p>\n<p data-start=\"983\" data-end=\"1091\" data-is-last-node=\"\" data-is-only-node=\"\">R\u00e9servez d\u00e8s maintenant et laissez-moi \u00eatre ce souvenir sp\u00e9cial qui rendra votre s\u00e9jour sur l'\u00eele vraiment inoubliable.<\/p>","protected":false},"excerpt":{"rendered":"<div style=\"width: 480px;\" class=\"wp-video\"><!--[if lt IE 9]><script>document.createElement('video');<\/script><![endif]--><br \/>\n<video class=\"wp-video-shortcode\" id=\"video-6121-1\" width=\"480\" height=\"848\" preload=\"metadata\" controls=\"controls\"><source type=\"video\/mp4\" src=\"https:\/\/ladysescortsibiza.com\/wp-content\/uploads\/2026\/02\/Video-Lucia-Escorts-en-Ibiza.mp4?_=1\" \/><a href=\"https:\/\/ladysescortsibiza.com\/wp-content\/uploads\/2026\/02\/Video-Lucia-Escorts-en-Ibiza.mp4\">https:\/\/ladysescortsibiza.com\/wp-content\/uploads\/2026\/02\/Video-Lucia-Escorts-en-Ibiza.mp4<\/a><\/video><\/div>","protected":false},"featured_media":6129,"template":"","meta":{"_acf_changed":false,"site-sidebar-layout":"default","site-content-layout":"","ast-site-content-layout":"default","site-content-style":"default","site-sidebar-style":"default","ast-global-header-display":"","ast-banner-title-visibility":"","ast-main-header-display":"","ast-hfb-above-header-display":"","ast-hfb-below-header-display":"","ast-hfb-mobile-header-display":"","site-post-title":"","ast-breadcrumbs-content":"","ast-featured-img":"","footer-sml-layout":"","theme-transparent-header-meta":"default","adv-header-id-meta":"","stick-header-meta":"","header-above-stick-meta":"","header-main-stick-meta":"","header-below-stick-meta":"","astra-migrate-meta-layouts":"set","ast-page-background-enabled":"default","ast-page-background-meta":{"desktop":{"background-color":"var(--ast-global-color-4)","background-image":"","background-repeat":"repeat","background-position":"center center","background-size":"auto","background-attachment":"scroll","background-type":"","background-media":"","overlay-type":"","overlay-color":"","overlay-opacity":"","overlay-gradient":""},"tablet":{"background-color":"","background-image":"","background-repeat":"repeat","background-position":"center center","background-size":"auto","background-attachment":"scroll","background-type":"","background-media":"","overlay-type":"","overlay-color":"","overlay-opacity":"","overlay-gradient":""},"mobile":{"background-color":"","background-image":"","background-repeat":"repeat","background-position":"center center","background-size":"auto","background-attachment":"scroll","background-type":"","background-media":"","overlay-type":"","overlay-color":"","overlay-opacity":"","overlay-gradient":""}},"ast-content-background-meta":{"desktop":{"background-color":"var(--ast-global-color-5)","background-image":"","background-repeat":"repeat","background-position":"center center","background-size":"auto","background-attachment":"scroll","background-type":"","background-media":"","overlay-type":"","overlay-color":"","overlay-opacity":"","overlay-gradient":""},"tablet":{"background-color":"var(--ast-global-color-5)","background-image":"","background-repeat":"repeat","background-position":"center center","background-size":"auto","background-attachment":"scroll","background-type":"","background-media":"","overlay-type":"","overlay-color":"","overlay-opacity":"","overlay-gradient":""},"mobile":{"background-color":"var(--ast-global-color-5)","background-image":"","background-repeat":"repeat","background-position":"center center","background-size":"auto","background-attachment":"scroll","background-type":"","background-media":"","overlay-type":"","overlay-color":"","overlay-opacity":"","overlay-gradient":""}},"_joinchat":[]},"product_cat":[16],"product_tag":[],"acf":[],"gallery_images":[6129,6126,6127,6128,6130,6131,6132],"_links":{"self":[{"href":"https:\/\/ladysescortsibiza.com\/fr\/wp-json\/wp\/v2\/product\/6121"}],"collection":[{"href":"https:\/\/ladysescortsibiza.com\/fr\/wp-json\/wp\/v2\/product"}],"about":[{"href":"https:\/\/ladysescortsibiza.com\/fr\/wp-json\/wp\/v2\/types\/product"}],"wp:featuredmedia":[{"embeddable":true,"href":"https:\/\/ladysescortsibiza.com\/fr\/wp-json\/wp\/v2\/media\/6129"}],"wp:attachment":[{"href":"https:\/\/ladysescortsibiza.com\/fr\/wp-json\/wp\/v2\/media?parent=6121"}],"wp:term":[{"taxonomy":"product_cat","embeddable":true,"href":"https:\/\/ladysescortsibiza.com\/fr\/wp-json\/wp\/v2\/product_cat?post=6121"},{"taxonomy":"product_tag","embeddable":true,"href":"https:\/\/ladysescortsibiza.com\/fr\/wp-json\/wp\/v2\/product_tag?post=6121"}],"curies":[{"name":"wp","href":"https:\/\/api.w.org\/{rel}","templated":true}]}}