{"id":5930,"date":"2026-02-27T20:53:04","date_gmt":"2026-02-27T19:53:04","guid":{"rendered":"https:\/\/ladysescortsibiza.com\/?post_type=product&#038;p=5930"},"modified":"2026-02-27T20:53:04","modified_gmt":"2026-02-27T19:53:04","slug":"valeria-2","status":"publish","type":"product","link":"https:\/\/ladysescortsibiza.com\/fr\/escorts\/valeria-2\/","title":{"rendered":"Valeria"},"content":{"rendered":"<p data-start=\"1982\" data-end=\"2273\">Bonjour ch\u00e9rie, je suis <strong data-start=\"2007\" data-end=\"2017\">Valeria<\/strong>a <strong data-start=\"2023\" data-end=\"2050\">escorte de luxe \u00e0 Ibiza<\/strong>, con una presencia sofisticada, piel suave y un estilo refinado que combina cercan\u00eda, sensualidad y elegancia en cada encuentro. Me encanta crear una atm\u00f3sfera \u00edntima y relajada donde la conexi\u00f3n surja de manera natural.<\/p>\n<p data-start=\"2561\" data-end=\"2790\">Disponible <strong data-start=\"2572\" data-end=\"2580\">24\/7<\/strong>Je fais des sorties \u00e0 <strong data-start=\"2600\" data-end=\"2628\">h\u00f4tels, villas et bateaux<\/strong>et je peux aussi vous recevoir dans un <strong data-start=\"2662\" data-end=\"2694\">appartement priv\u00e9 \u00e0 Ibiza<\/strong>, \u00edntimo y elegante, reservado solo para nosotros, perfecto para disfrutar sin interrupciones.<\/p>\n<p data-start=\"2792\" data-end=\"2895\">Reserva ahora y d\u00e9jame ser ese recuerdo especial que har\u00e1 tu estancia en la isla realmente inolvidable.<\/p>","protected":false},"excerpt":{"rendered":"<div style=\"width: 480px;\" class=\"wp-video\"><!--[if lt IE 9]><script>document.createElement('video');<\/script><![endif]--><br \/>\n<video class=\"wp-video-shortcode\" id=\"video-5930-1\" width=\"480\" height=\"848\" preload=\"metadata\" controls=\"controls\"><source type=\"video\/mp4\" src=\"https:\/\/ladysescortsibiza.com\/wp-content\/uploads\/2026\/02\/Video-Valeria-Puta-de-Compania-en-Ibiza.mp4?_=1\" \/><a href=\"https:\/\/ladysescortsibiza.com\/wp-content\/uploads\/2026\/02\/Video-Valeria-Puta-de-Compania-en-Ibiza.mp4\">https:\/\/ladysescortsibiza.com\/wp-content\/uploads\/2026\/02\/Video-Valeria-Puta-de-Compania-en-Ibiza.mp4<\/a><\/video><\/div>","protected":false},"featured_media":5937,"template":"","meta":{"_acf_changed":false,"site-sidebar-layout":"default","site-content-layout":"","ast-site-content-layout":"default","site-content-style":"default","site-sidebar-style":"default","ast-global-header-display":"","ast-banner-title-visibility":"","ast-main-header-display":"","ast-hfb-above-header-display":"","ast-hfb-below-header-display":"","ast-hfb-mobile-header-display":"","site-post-title":"","ast-breadcrumbs-content":"","ast-featured-img":"","footer-sml-layout":"","theme-transparent-header-meta":"default","adv-header-id-meta":"","stick-header-meta":"","header-above-stick-meta":"","header-main-stick-meta":"","header-below-stick-meta":"","astra-migrate-meta-layouts":"set","ast-page-background-enabled":"default","ast-page-background-meta":{"desktop":{"background-color":"var(--ast-global-color-4)","background-image":"","background-repeat":"repeat","background-position":"center center","background-size":"auto","background-attachment":"scroll","background-type":"","background-media":"","overlay-type":"","overlay-color":"","overlay-opacity":"","overlay-gradient":""},"tablet":{"background-color":"","background-image":"","background-repeat":"repeat","background-position":"center center","background-size":"auto","background-attachment":"scroll","background-type":"","background-media":"","overlay-type":"","overlay-color":"","overlay-opacity":"","overlay-gradient":""},"mobile":{"background-color":"","background-image":"","background-repeat":"repeat","background-position":"center center","background-size":"auto","background-attachment":"scroll","background-type":"","background-media":"","overlay-type":"","overlay-color":"","overlay-opacity":"","overlay-gradient":""}},"ast-content-background-meta":{"desktop":{"background-color":"var(--ast-global-color-5)","background-image":"","background-repeat":"repeat","background-position":"center center","background-size":"auto","background-attachment":"scroll","background-type":"","background-media":"","overlay-type":"","overlay-color":"","overlay-opacity":"","overlay-gradient":""},"tablet":{"background-color":"var(--ast-global-color-5)","background-image":"","background-repeat":"repeat","background-position":"center center","background-size":"auto","background-attachment":"scroll","background-type":"","background-media":"","overlay-type":"","overlay-color":"","overlay-opacity":"","overlay-gradient":""},"mobile":{"background-color":"var(--ast-global-color-5)","background-image":"","background-repeat":"repeat","background-position":"center center","background-size":"auto","background-attachment":"scroll","background-type":"","background-media":"","overlay-type":"","overlay-color":"","overlay-opacity":"","overlay-gradient":""}},"_joinchat":[]},"product_cat":[16],"product_tag":[],"acf":[],"gallery_images":[5937,5934,5935,5936,5938,5939,5940,5941,5942],"_links":{"self":[{"href":"https:\/\/ladysescortsibiza.com\/fr\/wp-json\/wp\/v2\/product\/5930"}],"collection":[{"href":"https:\/\/ladysescortsibiza.com\/fr\/wp-json\/wp\/v2\/product"}],"about":[{"href":"https:\/\/ladysescortsibiza.com\/fr\/wp-json\/wp\/v2\/types\/product"}],"wp:featuredmedia":[{"embeddable":true,"href":"https:\/\/ladysescortsibiza.com\/fr\/wp-json\/wp\/v2\/media\/5937"}],"wp:attachment":[{"href":"https:\/\/ladysescortsibiza.com\/fr\/wp-json\/wp\/v2\/media?parent=5930"}],"wp:term":[{"taxonomy":"product_cat","embeddable":true,"href":"https:\/\/ladysescortsibiza.com\/fr\/wp-json\/wp\/v2\/product_cat?post=5930"},{"taxonomy":"product_tag","embeddable":true,"href":"https:\/\/ladysescortsibiza.com\/fr\/wp-json\/wp\/v2\/product_tag?post=5930"}],"curies":[{"name":"wp","href":"https:\/\/api.w.org\/{rel}","templated":true}]}}