{"id":65,"date":"2024-06-06T15:55:41","date_gmt":"2024-06-06T15:55:41","guid":{"rendered":"https:\/\/ladysescortsibiza.com\/?page_id=65"},"modified":"2024-06-06T16:05:23","modified_gmt":"2024-06-06T16:05:23","slug":"politica-de-privacidad","status":"publish","type":"page","link":"https:\/\/ladysescortsibiza.com\/fr\/politique-de-confidentialite\/","title":{"rendered":"Politique de confidentialit\u00e9"},"content":{"rendered":"<p>Date d'entr\u00e9e en vigueur : juin 2024<\/p>\n\n\n\n<p>Chez ladysescortsibiza.com, nous appr\u00e9cions et respectons la vie priv\u00e9e de nos utilisateurs et visiteurs. Cette politique de confidentialit\u00e9 d\u00e9crit comment nous collectons, utilisons, partageons et prot\u00e9geons les informations personnelles que vous nous fournissez lorsque vous utilisez notre site web.<\/p>\n\n\n\n<h3 class=\"wp-block-heading\">1. les informations que nous recueillons<\/h3>\n\n\n\n<p>Nous recueillons diff\u00e9rents types d'informations afin de fournir et d'am\u00e9liorer notre service, notamment :<\/p>\n\n\n\n<ul>\n<li><strong>Informations personnelles<\/strong>Nom, adresse \u00e9lectronique, num\u00e9ro de t\u00e9l\u00e9phone et toute autre information que vous nous fournissez volontairement.<\/li>\n\n\n\n<li><strong>Donn\u00e9es d'utilisation<\/strong>Des informations sur la mani\u00e8re dont vous acc\u00e9dez au site et l'utilisez, telles que votre adresse IP, votre type de navigateur, les pages que vous visitez, ainsi que l'heure et la date de votre visite.<\/li>\n\n\n\n<li><strong>Cookies et technologies similaires<\/strong>Nous utilisons des cookies et des technologies similaires pour suivre l'activit\u00e9 sur notre site et conserver certaines informations.<\/li>\n<\/ul>\n\n\n\n<h3 class=\"wp-block-heading\">2. Utilisation des informations<\/h3>\n\n\n\n<p>Nous utilisons les informations que nous recueillons \u00e0 diverses fins, telles que<\/p>\n\n\n\n<ul>\n<li>Fournir et maintenir notre service.<\/li>\n\n\n\n<li>vous informer des modifications apport\u00e9es \u00e0 notre service.<\/li>\n\n\n\n<li>Fournir un soutien et une assistance aux clients.<\/li>\n\n\n\n<li>Contr\u00f4ler l'utilisation du site web.<\/li>\n\n\n\n<li>D\u00e9tecter, pr\u00e9venir et traiter les probl\u00e8mes techniques.<\/li>\n\n\n\n<li>Envoyer des communications marketing et promotionnelles, le cas \u00e9ch\u00e9ant et avec votre consentement.<\/li>\n<\/ul>\n\n\n\n<h3 class=\"wp-block-heading\">3. Partage et diffusion de l'information<\/h3>\n\n\n\n<p>Nous ne vendons ni ne louons vos informations personnelles \u00e0 des tiers. Nous pouvons partager vos informations dans les circonstances suivantes :<\/p>\n\n\n\n<ul>\n<li><strong>Avec les prestataires de services<\/strong>Les tiers qui nous aident \u00e0 exploiter notre site web et \u00e0 vous fournir des services, et qui sont tenus de prot\u00e9ger vos informations.<\/li>\n\n\n\n<li><strong>Pour la conformit\u00e9 l\u00e9gale<\/strong>Si la loi l'exige ou en r\u00e9ponse \u00e0 des demandes valables des autorit\u00e9s publiques.<\/li>\n\n\n\n<li><strong>Prot\u00e9ger les droits<\/strong>Prot\u00e9ger et d\u00e9fendre nos droits ou nos biens, ou prot\u00e9ger la s\u00e9curit\u00e9 personnelle de nos utilisateurs.<\/li>\n<\/ul>\n\n\n\n<h3 class=\"wp-block-heading\">4. S\u00e9curit\u00e9 de l'information<\/h3>\n\n\n\n<p>Nous mettons en \u0153uvre des mesures de s\u00e9curit\u00e9 pour prot\u00e9ger vos informations personnelles. Cependant, aucune m\u00e9thode de transmission sur Internet ou de stockage \u00e9lectronique n'est 100% s\u00fbre, et nous ne pouvons donc pas garantir une s\u00e9curit\u00e9 absolue.<\/p>\n\n\n\n<h3 class=\"wp-block-heading\">5. Vos droits en mati\u00e8re de protection de la vie priv\u00e9e<\/h3>\n\n\n\n<p>Vous avez le droit d'acc\u00e9der, de corriger ou de supprimer les informations personnelles que nous avons collect\u00e9es. Pour exercer ces droits, veuillez nous contacter en utilisant les coordonn\u00e9es indiqu\u00e9es ci-dessous.<\/p>\n\n\n\n<h3 class=\"wp-block-heading\">6. Liens vers d'autres sites web<\/h3>\n\n\n\n<p>Notre site web peut contenir des liens vers d'autres sites qui ne sont pas exploit\u00e9s par nous. Nous n'avons aucun contr\u00f4le sur le contenu et les pratiques en mati\u00e8re de protection de la vie priv\u00e9e de ces sites et n'assumons aucune responsabilit\u00e9 quant \u00e0 leurs politiques en mati\u00e8re de protection de la vie priv\u00e9e.<\/p>\n\n\n\n<h3 class=\"wp-block-heading\">7. Modifications de la pr\u00e9sente politique de protection de la vie priv\u00e9e<\/h3>\n\n\n\n<p>Nous pouvons mettre \u00e0 jour notre politique de confidentialit\u00e9 de temps \u00e0 autre. Nous vous informerons de toute modification en publiant la nouvelle politique de confidentialit\u00e9 sur cette page. Nous vous encourageons \u00e0 consulter r\u00e9guli\u00e8rement cette politique de confidentialit\u00e9 afin de prendre connaissance de tout changement.<\/p>\n\n\n\n<h3 class=\"wp-block-heading\">8. Contact<\/h3>\n\n\n\n<p>Si vous avez des questions ou des pr\u00e9occupations concernant la pr\u00e9sente politique de confidentialit\u00e9, veuillez nous contacter \u00e0 l'adresse \u00e9lectronique suivante : info@ladysescortsibiza.com<\/p>\n\n\n\n<hr class=\"wp-block-separator has-alpha-channel-opacity\"\/>\n\n\n\n<p>En utilisant notre site web, vous acceptez les termes de la pr\u00e9sente politique de confidentialit\u00e9. Si vous n'acceptez pas cette politique, veuillez ne pas utiliser notre site.<\/p>\n\n\n\n<p>Merci de faire confiance \u00e0 ladysescortsibiza.com.<\/p>","protected":false},"excerpt":{"rendered":"<p>Fecha de entrada en vigor: Junio 2024 En ladysescortsibiza.com, valoramos y respetamos la privacidad de nuestros usuarios y visitantes. Esta [&hellip;]<\/p>","protected":false},"author":1,"featured_media":0,"parent":0,"menu_order":0,"comment_status":"closed","ping_status":"closed","template":"","meta":{"_acf_changed":false,"site-sidebar-layout":"default","site-content-layout":"","ast-site-content-layout":"","site-content-style":"default","site-sidebar-style":"default","ast-global-header-display":"","ast-banner-title-visibility":"","ast-main-header-display":"","ast-hfb-above-header-display":"","ast-hfb-below-header-display":"","ast-hfb-mobile-header-display":"","site-post-title":"","ast-breadcrumbs-content":"","ast-featured-img":"","footer-sml-layout":"","theme-transparent-header-meta":"","adv-header-id-meta":"","stick-header-meta":"","header-above-stick-meta":"","header-main-stick-meta":"","header-below-stick-meta":"","astra-migrate-meta-layouts":"default","ast-page-background-enabled":"default","ast-page-background-meta":{"desktop":{"background-color":"var(--ast-global-color-4)","background-image":"","background-repeat":"repeat","background-position":"center center","background-size":"auto","background-attachment":"scroll","background-type":"","background-media":"","overlay-type":"","overlay-color":"","overlay-opacity":"","overlay-gradient":""},"tablet":{"background-color":"","background-image":"","background-repeat":"repeat","background-position":"center center","background-size":"auto","background-attachment":"scroll","background-type":"","background-media":"","overlay-type":"","overlay-color":"","overlay-opacity":"","overlay-gradient":""},"mobile":{"background-color":"","background-image":"","background-repeat":"repeat","background-position":"center center","background-size":"auto","background-attachment":"scroll","background-type":"","background-media":"","overlay-type":"","overlay-color":"","overlay-opacity":"","overlay-gradient":""}},"ast-content-background-meta":{"desktop":{"background-color":"var(--ast-global-color-5)","background-image":"","background-repeat":"repeat","background-position":"center center","background-size":"auto","background-attachment":"scroll","background-type":"","background-media":"","overlay-type":"","overlay-color":"","overlay-opacity":"","overlay-gradient":""},"tablet":{"background-color":"var(--ast-global-color-5)","background-image":"","background-repeat":"repeat","background-position":"center center","background-size":"auto","background-attachment":"scroll","background-type":"","background-media":"","overlay-type":"","overlay-color":"","overlay-opacity":"","overlay-gradient":""},"mobile":{"background-color":"var(--ast-global-color-5)","background-image":"","background-repeat":"repeat","background-position":"center center","background-size":"auto","background-attachment":"scroll","background-type":"","background-media":"","overlay-type":"","overlay-color":"","overlay-opacity":"","overlay-gradient":""}},"_joinchat":[],"footnotes":""},"acf":[],"_links":{"self":[{"href":"https:\/\/ladysescortsibiza.com\/fr\/wp-json\/wp\/v2\/pages\/65"}],"collection":[{"href":"https:\/\/ladysescortsibiza.com\/fr\/wp-json\/wp\/v2\/pages"}],"about":[{"href":"https:\/\/ladysescortsibiza.com\/fr\/wp-json\/wp\/v2\/types\/page"}],"author":[{"embeddable":true,"href":"https:\/\/ladysescortsibiza.com\/fr\/wp-json\/wp\/v2\/users\/1"}],"replies":[{"embeddable":true,"href":"https:\/\/ladysescortsibiza.com\/fr\/wp-json\/wp\/v2\/comments?post=65"}],"version-history":[{"count":2,"href":"https:\/\/ladysescortsibiza.com\/fr\/wp-json\/wp\/v2\/pages\/65\/revisions"}],"predecessor-version":[{"id":1331,"href":"https:\/\/ladysescortsibiza.com\/fr\/wp-json\/wp\/v2\/pages\/65\/revisions\/1331"}],"wp:attachment":[{"href":"https:\/\/ladysescortsibiza.com\/fr\/wp-json\/wp\/v2\/media?parent=65"}],"curies":[{"name":"wp","href":"https:\/\/api.w.org\/{rel}","templated":true}]}}