{"id":6310,"date":"2026-05-09T15:11:27","date_gmt":"2026-05-09T13:11:27","guid":{"rendered":"https:\/\/ladysescortsibiza.com\/?post_type=product&#038;p=6310"},"modified":"2026-05-09T15:11:27","modified_gmt":"2026-05-09T13:11:27","slug":"julieta-2","status":"publish","type":"product","link":"https:\/\/ladysescortsibiza.com\/en\/escorts\/julieta-2\/","title":{"rendered":"Juliet"},"content":{"rendered":"<p data-start=\"1020\" data-end=\"1355\">Hello love, I am <strong data-start=\"1044\" data-end=\"1056\">Juliet<\/strong>a <strong data-start=\"1062\" data-end=\"1103\">high class escort in Ibiza<\/strong>, con una presencia sofisticada, piel suave y una personalidad que combina elegancia, cercan\u00eda y una sensualidad natural que se percibe desde el primer instante. Me encanta cuidar cada detalle para que cada encuentro sea c\u00f3modo, exclusivo y especial.<\/p>\n<p data-start=\"1357\" data-end=\"1640\">Estoy en la isla para vivir contigo momentos selectos: cenas privadas frente al mar, paseos en yate por aguas cristalinas, veladas \u00edntimas y encuentros donde la discreci\u00f3n y la conexi\u00f3n personal son lo m\u00e1s importante. Todo pensado para que disfrutes de una experiencia a tu medida.<\/p>\n<p data-start=\"1642\" data-end=\"1862\">I am available <strong data-start=\"1659\" data-end=\"1675\">24 hours a day<\/strong>I can travel to your location <strong data-start=\"1700\" data-end=\"1724\">hotel, villa or boat<\/strong>or receive you in a <strong data-start=\"1744\" data-end=\"1776\">private flat in Ibiza<\/strong>, \u00edntimo, c\u00f3modo y reservado solo para nosotros, perfecto para disfrutar sin prisas.<\/p>\n<p data-start=\"1864\" data-end=\"1959\">Make your reservation and let me be that special plan that you will remember long after you leave the island.<\/p>","protected":false},"excerpt":{"rendered":"<p>Hola amor, soy Julieta, una escort de alto nivel en Ibiza, con una presencia sofisticada, piel suave y una personalidad [&hellip;]<\/p>","protected":false},"featured_media":6313,"template":"","meta":{"_acf_changed":false,"site-sidebar-layout":"default","site-content-layout":"","ast-site-content-layout":"default","site-content-style":"default","site-sidebar-style":"default","ast-global-header-display":"","ast-banner-title-visibility":"","ast-main-header-display":"","ast-hfb-above-header-display":"","ast-hfb-below-header-display":"","ast-hfb-mobile-header-display":"","site-post-title":"","ast-breadcrumbs-content":"","ast-featured-img":"","footer-sml-layout":"","theme-transparent-header-meta":"default","adv-header-id-meta":"","stick-header-meta":"","header-above-stick-meta":"","header-main-stick-meta":"","header-below-stick-meta":"","astra-migrate-meta-layouts":"set","ast-page-background-enabled":"default","ast-page-background-meta":{"desktop":{"background-color":"var(--ast-global-color-4)","background-image":"","background-repeat":"repeat","background-position":"center center","background-size":"auto","background-attachment":"scroll","background-type":"","background-media":"","overlay-type":"","overlay-color":"","overlay-opacity":"","overlay-gradient":""},"tablet":{"background-color":"","background-image":"","background-repeat":"repeat","background-position":"center center","background-size":"auto","background-attachment":"scroll","background-type":"","background-media":"","overlay-type":"","overlay-color":"","overlay-opacity":"","overlay-gradient":""},"mobile":{"background-color":"","background-image":"","background-repeat":"repeat","background-position":"center center","background-size":"auto","background-attachment":"scroll","background-type":"","background-media":"","overlay-type":"","overlay-color":"","overlay-opacity":"","overlay-gradient":""}},"ast-content-background-meta":{"desktop":{"background-color":"var(--ast-global-color-5)","background-image":"","background-repeat":"repeat","background-position":"center center","background-size":"auto","background-attachment":"scroll","background-type":"","background-media":"","overlay-type":"","overlay-color":"","overlay-opacity":"","overlay-gradient":""},"tablet":{"background-color":"var(--ast-global-color-5)","background-image":"","background-repeat":"repeat","background-position":"center center","background-size":"auto","background-attachment":"scroll","background-type":"","background-media":"","overlay-type":"","overlay-color":"","overlay-opacity":"","overlay-gradient":""},"mobile":{"background-color":"var(--ast-global-color-5)","background-image":"","background-repeat":"repeat","background-position":"center center","background-size":"auto","background-attachment":"scroll","background-type":"","background-media":"","overlay-type":"","overlay-color":"","overlay-opacity":"","overlay-gradient":""}},"_joinchat":[]},"product_cat":[16],"product_tag":[],"acf":[],"gallery_images":[6313,6311,6312,6314,6315,6316,6317],"_links":{"self":[{"href":"https:\/\/ladysescortsibiza.com\/en\/wp-json\/wp\/v2\/product\/6310"}],"collection":[{"href":"https:\/\/ladysescortsibiza.com\/en\/wp-json\/wp\/v2\/product"}],"about":[{"href":"https:\/\/ladysescortsibiza.com\/en\/wp-json\/wp\/v2\/types\/product"}],"wp:featuredmedia":[{"embeddable":true,"href":"https:\/\/ladysescortsibiza.com\/en\/wp-json\/wp\/v2\/media\/6313"}],"wp:attachment":[{"href":"https:\/\/ladysescortsibiza.com\/en\/wp-json\/wp\/v2\/media?parent=6310"}],"wp:term":[{"taxonomy":"product_cat","embeddable":true,"href":"https:\/\/ladysescortsibiza.com\/en\/wp-json\/wp\/v2\/product_cat?post=6310"},{"taxonomy":"product_tag","embeddable":true,"href":"https:\/\/ladysescortsibiza.com\/en\/wp-json\/wp\/v2\/product_tag?post=6310"}],"curies":[{"name":"wp","href":"https:\/\/api.w.org\/{rel}","templated":true}]}}