{"id":6248,"date":"2026-05-05T05:06:23","date_gmt":"2026-05-05T03:06:23","guid":{"rendered":"https:\/\/ladysescortsibiza.com\/?post_type=product&#038;p=6248"},"modified":"2026-05-05T05:08:46","modified_gmt":"2026-05-05T03:08:46","slug":"sara-4","status":"publish","type":"product","link":"https:\/\/ladysescortsibiza.com\/de\/escorts\/sara-4\/","title":{"rendered":"Sara"},"content":{"rendered":"<p data-start=\"2509\" data-end=\"2803\">Hallo Liebe, ich bin <strong data-start=\"2533\" data-end=\"2542\">Sara<\/strong>a <strong data-start=\"2548\" data-end=\"2584\">Luxus-Begleitung auf Ibiza<\/strong>, con una figura elegante, piel suave y una personalidad que combina cercan\u00eda, sensualidad y un estilo sofisticado que se siente desde el primer momento. Me gusta que cada encuentro sea natural y lleno de complicidad.<\/p>\n<p data-start=\"2805\" data-end=\"2982\">Estoy en la isla para vivir contigo momentos exclusivos: cenas rom\u00e1nticas frente al mar, paseos en yate, veladas privadas y encuentros \u00edntimos donde la discreci\u00f3n es absoluta.<\/p>\n<p data-start=\"2984\" data-end=\"3160\">Ich bin verf\u00fcgbar <strong data-start=\"3001\" data-end=\"3017\">24 Stunden am Tag<\/strong>Ich kann zu Ihrem Standort reisen <strong data-start=\"3042\" data-end=\"3066\">Hotel, Villa oder Boot<\/strong>oder empfangen Sie in einem <strong data-start=\"3086\" data-end=\"3118\">Privatwohnung auf Ibiza<\/strong>, \u00edntimo y reservado solo para nosotros.<\/p>\n<p data-start=\"3162\" data-end=\"3222\">Haz tu reserva y vivamos una experiencia realmente especial.<\/p>","protected":false},"excerpt":{"rendered":"<div style=\"width: 480px;\" class=\"wp-video\"><!--[if lt IE 9]><script>document.createElement('video');<\/script><![endif]--><br \/>\n<video class=\"wp-video-shortcode\" id=\"video-6248-1\" width=\"480\" height=\"848\" preload=\"metadata\" controls=\"controls\"><source type=\"video\/mp4\" src=\"https:\/\/ladysescortsibiza.com\/wp-content\/uploads\/2026\/05\/Video-Sara-Puta-de-Compania-en-Ibiza.mp4?_=1\" \/><a href=\"https:\/\/ladysescortsibiza.com\/wp-content\/uploads\/2026\/05\/Video-Sara-Puta-de-Compania-en-Ibiza.mp4\">https:\/\/ladysescortsibiza.com\/wp-content\/uploads\/2026\/05\/Video-Sara-Puta-de-Compania-en-Ibiza.mp4<\/a><\/video><\/div>","protected":false},"featured_media":6252,"template":"","meta":{"_acf_changed":false,"site-sidebar-layout":"default","site-content-layout":"","ast-site-content-layout":"default","site-content-style":"default","site-sidebar-style":"default","ast-global-header-display":"","ast-banner-title-visibility":"","ast-main-header-display":"","ast-hfb-above-header-display":"","ast-hfb-below-header-display":"","ast-hfb-mobile-header-display":"","site-post-title":"","ast-breadcrumbs-content":"","ast-featured-img":"","footer-sml-layout":"","theme-transparent-header-meta":"default","adv-header-id-meta":"","stick-header-meta":"","header-above-stick-meta":"","header-main-stick-meta":"","header-below-stick-meta":"","astra-migrate-meta-layouts":"set","ast-page-background-enabled":"default","ast-page-background-meta":{"desktop":{"background-color":"var(--ast-global-color-4)","background-image":"","background-repeat":"repeat","background-position":"center center","background-size":"auto","background-attachment":"scroll","background-type":"","background-media":"","overlay-type":"","overlay-color":"","overlay-opacity":"","overlay-gradient":""},"tablet":{"background-color":"","background-image":"","background-repeat":"repeat","background-position":"center center","background-size":"auto","background-attachment":"scroll","background-type":"","background-media":"","overlay-type":"","overlay-color":"","overlay-opacity":"","overlay-gradient":""},"mobile":{"background-color":"","background-image":"","background-repeat":"repeat","background-position":"center center","background-size":"auto","background-attachment":"scroll","background-type":"","background-media":"","overlay-type":"","overlay-color":"","overlay-opacity":"","overlay-gradient":""}},"ast-content-background-meta":{"desktop":{"background-color":"var(--ast-global-color-5)","background-image":"","background-repeat":"repeat","background-position":"center center","background-size":"auto","background-attachment":"scroll","background-type":"","background-media":"","overlay-type":"","overlay-color":"","overlay-opacity":"","overlay-gradient":""},"tablet":{"background-color":"var(--ast-global-color-5)","background-image":"","background-repeat":"repeat","background-position":"center center","background-size":"auto","background-attachment":"scroll","background-type":"","background-media":"","overlay-type":"","overlay-color":"","overlay-opacity":"","overlay-gradient":""},"mobile":{"background-color":"var(--ast-global-color-5)","background-image":"","background-repeat":"repeat","background-position":"center center","background-size":"auto","background-attachment":"scroll","background-type":"","background-media":"","overlay-type":"","overlay-color":"","overlay-opacity":"","overlay-gradient":""}},"_joinchat":[]},"product_cat":[16],"product_tag":[],"acf":[],"gallery_images":[6252,6249,6250,6251,6253,6254],"_links":{"self":[{"href":"https:\/\/ladysescortsibiza.com\/de\/wp-json\/wp\/v2\/product\/6248"}],"collection":[{"href":"https:\/\/ladysescortsibiza.com\/de\/wp-json\/wp\/v2\/product"}],"about":[{"href":"https:\/\/ladysescortsibiza.com\/de\/wp-json\/wp\/v2\/types\/product"}],"wp:featuredmedia":[{"embeddable":true,"href":"https:\/\/ladysescortsibiza.com\/de\/wp-json\/wp\/v2\/media\/6252"}],"wp:attachment":[{"href":"https:\/\/ladysescortsibiza.com\/de\/wp-json\/wp\/v2\/media?parent=6248"}],"wp:term":[{"taxonomy":"product_cat","embeddable":true,"href":"https:\/\/ladysescortsibiza.com\/de\/wp-json\/wp\/v2\/product_cat?post=6248"},{"taxonomy":"product_tag","embeddable":true,"href":"https:\/\/ladysescortsibiza.com\/de\/wp-json\/wp\/v2\/product_tag?post=6248"}],"curies":[{"name":"wp","href":"https:\/\/api.w.org\/{rel}","templated":true}]}}