{"id":6226,"date":"2026-04-30T17:30:53","date_gmt":"2026-04-30T15:30:53","guid":{"rendered":"https:\/\/ladysescortsibiza.com\/?post_type=product&#038;p=6226"},"modified":"2026-04-30T17:38:47","modified_gmt":"2026-04-30T15:38:47","slug":"sofia-9","status":"publish","type":"product","link":"https:\/\/ladysescortsibiza.com\/de\/escorts\/sofia-9\/","title":{"rendered":"Sofia"},"content":{"rendered":"<p data-start=\"952\" data-end=\"1255\">Hallo Liebe, ich bin <strong data-start=\"976\" data-end=\"988\">Sofia<\/strong>a <strong data-start=\"994\" data-end=\"1035\">High-Class-Begleitung auf Ibiza<\/strong>, con una presencia sofisticada, piel suave y una personalidad que combina elegancia, cercan\u00eda y un toque de sensualidad que hace cada encuentro \u00fanico. Me gusta que todo sea natural y exclusivo desde el primer momento.<\/p>\n<p data-start=\"1257\" data-end=\"1446\">Estoy en la isla para vivir contigo momentos selectos: cenas privadas frente al mar, paseos en yate por aguas cristalinas, veladas \u00edntimas y encuentros llenos de complicidad y discreci\u00f3n.<\/p>\n<p data-start=\"1448\" data-end=\"1634\">Ich bin verf\u00fcgbar <strong data-start=\"1465\" data-end=\"1481\">24 Stunden am Tag<\/strong>Ich kann zu Ihrem Standort reisen <strong data-start=\"1506\" data-end=\"1530\">Hotel, Villa oder Boot<\/strong>oder empfangen Sie in einem <strong data-start=\"1550\" data-end=\"1582\">Privatwohnung auf Ibiza<\/strong>, \u00edntimo, elegante y reservado solo para nosotros.<\/p>\n<p data-start=\"1636\" data-end=\"1731\">Haz tu reserva y perm\u00edteme ser ese plan especial que recordar\u00e1s mucho despu\u00e9s de dejar la isla.<\/p>","protected":false},"excerpt":{"rendered":"<p>Hola amor, soy Sofia, una escort de alto nivel en Ibiza, con una presencia sofisticada, piel suave y una personalidad [&hellip;]<\/p>","protected":false},"featured_media":6228,"template":"","meta":{"_acf_changed":false,"site-sidebar-layout":"default","site-content-layout":"","ast-site-content-layout":"default","site-content-style":"default","site-sidebar-style":"default","ast-global-header-display":"","ast-banner-title-visibility":"","ast-main-header-display":"","ast-hfb-above-header-display":"","ast-hfb-below-header-display":"","ast-hfb-mobile-header-display":"","site-post-title":"","ast-breadcrumbs-content":"","ast-featured-img":"","footer-sml-layout":"","theme-transparent-header-meta":"default","adv-header-id-meta":"","stick-header-meta":"","header-above-stick-meta":"","header-main-stick-meta":"","header-below-stick-meta":"","astra-migrate-meta-layouts":"set","ast-page-background-enabled":"default","ast-page-background-meta":{"desktop":{"background-color":"var(--ast-global-color-4)","background-image":"","background-repeat":"repeat","background-position":"center center","background-size":"auto","background-attachment":"scroll","background-type":"","background-media":"","overlay-type":"","overlay-color":"","overlay-opacity":"","overlay-gradient":""},"tablet":{"background-color":"","background-image":"","background-repeat":"repeat","background-position":"center center","background-size":"auto","background-attachment":"scroll","background-type":"","background-media":"","overlay-type":"","overlay-color":"","overlay-opacity":"","overlay-gradient":""},"mobile":{"background-color":"","background-image":"","background-repeat":"repeat","background-position":"center center","background-size":"auto","background-attachment":"scroll","background-type":"","background-media":"","overlay-type":"","overlay-color":"","overlay-opacity":"","overlay-gradient":""}},"ast-content-background-meta":{"desktop":{"background-color":"var(--ast-global-color-5)","background-image":"","background-repeat":"repeat","background-position":"center center","background-size":"auto","background-attachment":"scroll","background-type":"","background-media":"","overlay-type":"","overlay-color":"","overlay-opacity":"","overlay-gradient":""},"tablet":{"background-color":"var(--ast-global-color-5)","background-image":"","background-repeat":"repeat","background-position":"center center","background-size":"auto","background-attachment":"scroll","background-type":"","background-media":"","overlay-type":"","overlay-color":"","overlay-opacity":"","overlay-gradient":""},"mobile":{"background-color":"var(--ast-global-color-5)","background-image":"","background-repeat":"repeat","background-position":"center center","background-size":"auto","background-attachment":"scroll","background-type":"","background-media":"","overlay-type":"","overlay-color":"","overlay-opacity":"","overlay-gradient":""}},"_joinchat":[]},"product_cat":[16],"product_tag":[],"acf":[],"gallery_images":[6228,6227,6229,6230,6231,6232],"_links":{"self":[{"href":"https:\/\/ladysescortsibiza.com\/de\/wp-json\/wp\/v2\/product\/6226"}],"collection":[{"href":"https:\/\/ladysescortsibiza.com\/de\/wp-json\/wp\/v2\/product"}],"about":[{"href":"https:\/\/ladysescortsibiza.com\/de\/wp-json\/wp\/v2\/types\/product"}],"wp:featuredmedia":[{"embeddable":true,"href":"https:\/\/ladysescortsibiza.com\/de\/wp-json\/wp\/v2\/media\/6228"}],"wp:attachment":[{"href":"https:\/\/ladysescortsibiza.com\/de\/wp-json\/wp\/v2\/media?parent=6226"}],"wp:term":[{"taxonomy":"product_cat","embeddable":true,"href":"https:\/\/ladysescortsibiza.com\/de\/wp-json\/wp\/v2\/product_cat?post=6226"},{"taxonomy":"product_tag","embeddable":true,"href":"https:\/\/ladysescortsibiza.com\/de\/wp-json\/wp\/v2\/product_tag?post=6226"}],"curies":[{"name":"wp","href":"https:\/\/api.w.org\/{rel}","templated":true}]}}