{"id":6192,"date":"2026-04-25T00:00:58","date_gmt":"2026-04-24T22:00:58","guid":{"rendered":"https:\/\/ladysescortsibiza.com\/?post_type=product&#038;p=6192"},"modified":"2026-04-25T00:00:58","modified_gmt":"2026-04-24T22:00:58","slug":"isabella-6","status":"publish","type":"product","link":"https:\/\/ladysescortsibiza.com\/de\/escorts\/isabella-6\/","title":{"rendered":"Isabella"},"content":{"rendered":"<p data-start=\"114\" data-end=\"415\">Hallo Schatz, ich bin <strong data-start=\"139\" data-end=\"149\">Isabella<\/strong>a <strong data-start=\"155\" data-end=\"189\">Luxus-Begleitung auf Ibiza<\/strong>, con una figura armoniosa, piel suave y una personalidad que combina dulzura, sensualidad y un toque sofisticado que te atrapar\u00e1 desde el primer instante. Me gusta crear un ambiente cercano donde todo fluya con naturalidad.<\/p>\n<p data-start=\"417\" data-end=\"614\">Estoy en la isla para compartir contigo experiencias \u00fanicas: cenas rom\u00e1nticas frente al mar, paseos en yate al atardecer, veladas privadas y encuentros \u00edntimos llenos de complicidad y discreci\u00f3n.<\/p>\n<p data-start=\"616\" data-end=\"719\">Verf\u00fcgbar <strong data-start=\"627\" data-end=\"635\">24\/7<\/strong>, salidas a hoteles, villas y barcos, o recepci\u00f3n en apartamento privado en Ibiza.<\/p>\n<p data-start=\"721\" data-end=\"777\">Reserva ahora y d\u00e9jame ser tu mejor recuerdo en la isla.<\/p>","protected":false},"excerpt":{"rendered":"<p>Hola cielo, soy Isabella, una escort de lujo en Ibiza, con una figura armoniosa, piel suave y una personalidad que [&hellip;]<\/p>","protected":false},"featured_media":6195,"template":"","meta":{"_acf_changed":false,"site-sidebar-layout":"default","site-content-layout":"","ast-site-content-layout":"default","site-content-style":"default","site-sidebar-style":"default","ast-global-header-display":"","ast-banner-title-visibility":"","ast-main-header-display":"","ast-hfb-above-header-display":"","ast-hfb-below-header-display":"","ast-hfb-mobile-header-display":"","site-post-title":"","ast-breadcrumbs-content":"","ast-featured-img":"","footer-sml-layout":"","theme-transparent-header-meta":"default","adv-header-id-meta":"","stick-header-meta":"","header-above-stick-meta":"","header-main-stick-meta":"","header-below-stick-meta":"","astra-migrate-meta-layouts":"set","ast-page-background-enabled":"default","ast-page-background-meta":{"desktop":{"background-color":"var(--ast-global-color-4)","background-image":"","background-repeat":"repeat","background-position":"center center","background-size":"auto","background-attachment":"scroll","background-type":"","background-media":"","overlay-type":"","overlay-color":"","overlay-opacity":"","overlay-gradient":""},"tablet":{"background-color":"","background-image":"","background-repeat":"repeat","background-position":"center center","background-size":"auto","background-attachment":"scroll","background-type":"","background-media":"","overlay-type":"","overlay-color":"","overlay-opacity":"","overlay-gradient":""},"mobile":{"background-color":"","background-image":"","background-repeat":"repeat","background-position":"center center","background-size":"auto","background-attachment":"scroll","background-type":"","background-media":"","overlay-type":"","overlay-color":"","overlay-opacity":"","overlay-gradient":""}},"ast-content-background-meta":{"desktop":{"background-color":"var(--ast-global-color-5)","background-image":"","background-repeat":"repeat","background-position":"center center","background-size":"auto","background-attachment":"scroll","background-type":"","background-media":"","overlay-type":"","overlay-color":"","overlay-opacity":"","overlay-gradient":""},"tablet":{"background-color":"var(--ast-global-color-5)","background-image":"","background-repeat":"repeat","background-position":"center center","background-size":"auto","background-attachment":"scroll","background-type":"","background-media":"","overlay-type":"","overlay-color":"","overlay-opacity":"","overlay-gradient":""},"mobile":{"background-color":"var(--ast-global-color-5)","background-image":"","background-repeat":"repeat","background-position":"center center","background-size":"auto","background-attachment":"scroll","background-type":"","background-media":"","overlay-type":"","overlay-color":"","overlay-opacity":"","overlay-gradient":""}},"_joinchat":[]},"product_cat":[16],"product_tag":[],"acf":[],"gallery_images":[6195,6193,6194,6196,6197,6198],"_links":{"self":[{"href":"https:\/\/ladysescortsibiza.com\/de\/wp-json\/wp\/v2\/product\/6192"}],"collection":[{"href":"https:\/\/ladysescortsibiza.com\/de\/wp-json\/wp\/v2\/product"}],"about":[{"href":"https:\/\/ladysescortsibiza.com\/de\/wp-json\/wp\/v2\/types\/product"}],"wp:featuredmedia":[{"embeddable":true,"href":"https:\/\/ladysescortsibiza.com\/de\/wp-json\/wp\/v2\/media\/6195"}],"wp:attachment":[{"href":"https:\/\/ladysescortsibiza.com\/de\/wp-json\/wp\/v2\/media?parent=6192"}],"wp:term":[{"taxonomy":"product_cat","embeddable":true,"href":"https:\/\/ladysescortsibiza.com\/de\/wp-json\/wp\/v2\/product_cat?post=6192"},{"taxonomy":"product_tag","embeddable":true,"href":"https:\/\/ladysescortsibiza.com\/de\/wp-json\/wp\/v2\/product_tag?post=6192"}],"curies":[{"name":"wp","href":"https:\/\/api.w.org\/{rel}","templated":true}]}}