{"id":6105,"date":"2026-04-15T23:20:38","date_gmt":"2026-04-15T21:20:38","guid":{"rendered":"https:\/\/queensibiza.com\/?post_type=product&#038;p=5553"},"modified":"2026-04-15T23:34:38","modified_gmt":"2026-04-15T21:34:38","slug":"luna-2","status":"publish","type":"product","link":"https:\/\/ladysescortsibiza.com\/de\/escorts\/luna-2\/","title":{"rendered":"Mond"},"content":{"rendered":"<p data-start=\"1030\" data-end=\"1356\">Hallo Liebe, ich bin <strong data-start=\"1054\" data-end=\"1066\">Mond<\/strong>a <strong data-start=\"1072\" data-end=\"1113\">High-Class-Begleitung auf Ibiza<\/strong>, con una presencia sofisticada, piel suave y un estilo elegante que transmite cercan\u00eda, sensualidad y distinci\u00f3n en cada encuentro. Me gusta que todo fluya con naturalidad, creando una experiencia c\u00f3moda y exclusiva desde el primer momento.<\/p>\n<p data-start=\"1632\" data-end=\"1851\">Ich bin verf\u00fcgbar <strong data-start=\"1649\" data-end=\"1665\">24 Stunden am Tag<\/strong>Ich kann zu Ihrem Standort reisen <strong data-start=\"1690\" data-end=\"1714\">Hotel, Villa oder Boot<\/strong>oder empfangen Sie in einem <strong data-start=\"1734\" data-end=\"1766\">Privatwohnung auf Ibiza<\/strong>, \u00edntimo, elegante y reservado solo para nosotros, ideal para disfrutar sin prisas.<\/p>\n<p data-start=\"1853\" data-end=\"1950\">Haz tu reserva y perm\u00edteme ser ese plan especial que recordar\u00e1s mucho despu\u00e9s de dejar la isla.<\/p>","protected":false},"excerpt":{"rendered":"<div style=\"width: 576px;\" class=\"wp-video\"><!--[if lt IE 9]><script>document.createElement('video');<\/script><![endif]--><br \/>\n<video class=\"wp-video-shortcode\" id=\"video-6105-1\" width=\"576\" height=\"1024\" preload=\"metadata\" controls=\"controls\"><source type=\"video\/mp4\" src=\"https:\/\/ladysescortsibiza.com\/wp-content\/uploads\/2026\/04\/Video-Luna-Puta-de-Alto-Nivel-en-Ibiza.mp4?_=1\" \/><a href=\"https:\/\/ladysescortsibiza.com\/wp-content\/uploads\/2026\/04\/Video-Luna-Puta-de-Alto-Nivel-en-Ibiza.mp4\">https:\/\/ladysescortsibiza.com\/wp-content\/uploads\/2026\/04\/Video-Luna-Puta-de-Alto-Nivel-en-Ibiza.mp4<\/a><\/video><\/div>","protected":false},"featured_media":6109,"template":"","meta":{"_acf_changed":false,"site-sidebar-layout":"default","site-content-layout":"","ast-site-content-layout":"default","site-content-style":"default","site-sidebar-style":"default","ast-global-header-display":"","ast-banner-title-visibility":"","ast-main-header-display":"","ast-hfb-above-header-display":"","ast-hfb-below-header-display":"","ast-hfb-mobile-header-display":"","site-post-title":"","ast-breadcrumbs-content":"","ast-featured-img":"","footer-sml-layout":"","theme-transparent-header-meta":"default","adv-header-id-meta":"","stick-header-meta":"","header-above-stick-meta":"","header-main-stick-meta":"","header-below-stick-meta":"","astra-migrate-meta-layouts":"set","ast-page-background-enabled":"default","ast-page-background-meta":{"desktop":{"background-color":"var(--ast-global-color-4)","background-image":"","background-repeat":"repeat","background-position":"center center","background-size":"auto","background-attachment":"scroll","background-type":"","background-media":"","overlay-type":"","overlay-color":"","overlay-opacity":"","overlay-gradient":""},"tablet":{"background-color":"","background-image":"","background-repeat":"repeat","background-position":"center center","background-size":"auto","background-attachment":"scroll","background-type":"","background-media":"","overlay-type":"","overlay-color":"","overlay-opacity":"","overlay-gradient":""},"mobile":{"background-color":"","background-image":"","background-repeat":"repeat","background-position":"center center","background-size":"auto","background-attachment":"scroll","background-type":"","background-media":"","overlay-type":"","overlay-color":"","overlay-opacity":"","overlay-gradient":""}},"ast-content-background-meta":{"desktop":{"background-color":"var(--ast-global-color-5)","background-image":"","background-repeat":"repeat","background-position":"center center","background-size":"auto","background-attachment":"scroll","background-type":"","background-media":"","overlay-type":"","overlay-color":"","overlay-opacity":"","overlay-gradient":""},"tablet":{"background-color":"var(--ast-global-color-5)","background-image":"","background-repeat":"repeat","background-position":"center center","background-size":"auto","background-attachment":"scroll","background-type":"","background-media":"","overlay-type":"","overlay-color":"","overlay-opacity":"","overlay-gradient":""},"mobile":{"background-color":"var(--ast-global-color-5)","background-image":"","background-repeat":"repeat","background-position":"center center","background-size":"auto","background-attachment":"scroll","background-type":"","background-media":"","overlay-type":"","overlay-color":"","overlay-opacity":"","overlay-gradient":""}},"_joinchat":[]},"product_cat":[16],"product_tag":[],"acf":[],"gallery_images":[6109,6106,6107,6108,6110,6111],"_links":{"self":[{"href":"https:\/\/ladysescortsibiza.com\/de\/wp-json\/wp\/v2\/product\/6105"}],"collection":[{"href":"https:\/\/ladysescortsibiza.com\/de\/wp-json\/wp\/v2\/product"}],"about":[{"href":"https:\/\/ladysescortsibiza.com\/de\/wp-json\/wp\/v2\/types\/product"}],"wp:featuredmedia":[{"embeddable":true,"href":"https:\/\/ladysescortsibiza.com\/de\/wp-json\/wp\/v2\/media\/6109"}],"wp:attachment":[{"href":"https:\/\/ladysescortsibiza.com\/de\/wp-json\/wp\/v2\/media?parent=6105"}],"wp:term":[{"taxonomy":"product_cat","embeddable":true,"href":"https:\/\/ladysescortsibiza.com\/de\/wp-json\/wp\/v2\/product_cat?post=6105"},{"taxonomy":"product_tag","embeddable":true,"href":"https:\/\/ladysescortsibiza.com\/de\/wp-json\/wp\/v2\/product_tag?post=6105"}],"curies":[{"name":"wp","href":"https:\/\/api.w.org\/{rel}","templated":true}]}}