{"id":1324,"date":"2024-06-06T15:57:39","date_gmt":"2024-06-06T15:57:39","guid":{"rendered":"https:\/\/ladysescortsibiza.com\/?page_id=1324"},"modified":"2025-03-28T11:30:01","modified_gmt":"2025-03-28T11:30:01","slug":"aviso-legal","status":"publish","type":"page","link":"https:\/\/ladysescortsibiza.com\/de\/rechtshinweis\/","title":{"rendered":"Rechtlicher Hinweis"},"content":{"rendered":"<p>Datum des Inkrafttretens: Juni 2024<\/p>\r\n\r\n\r\n\r\n<h3 class=\"wp-block-heading\">1. die Eigent\u00fcmerschaft an der Website<\/h3>\r\n\r\n\r\n\r\n<p>Dieser rechtliche Hinweis regelt die Nutzung der Website www.ladysescortsibiza.com, im Folgenden Website genannt, die dem Inhaber der Domain www.ladysescortsibiza.com geh\u00f6rt.<\/p>\r\n\r\n\r\n\r\n<h3 class=\"wp-block-heading\">2. Akzeptanz der Nutzungsbedingungen<\/h3>\r\n\r\n\r\n\r\n<p>Der Zugriff auf die Website und deren Nutzung setzt die vollst\u00e4ndige und uneingeschr\u00e4nkte Annahme aller in diesem rechtlichen Hinweis enthaltenen Bestimmungen voraus. Wenn Sie mit einer der hier dargelegten Bedingungen nicht einverstanden sind, sollten Sie die Website nicht nutzen.<\/p>\r\n\r\n\r\n\r\n<h3 class=\"wp-block-heading\">3. Bedingungen f\u00fcr die Nutzung<\/h3>\r\n\r\n\r\n\r\n<p>Der Nutzer verpflichtet sich, die Website in \u00dcbereinstimmung mit dem Gesetz, der Moral, den guten Sitten und der \u00f6ffentlichen Ordnung zu nutzen. Ebenso verpflichtet sich der Nutzer, die Website nicht f\u00fcr Zwecke zu nutzen, die rechtswidrig sind oder die Rechte und Interessen Dritter verletzen, oder in irgendeiner Weise, die die Website besch\u00e4digen, unbrauchbar machen, \u00fcberlasten oder verschlechtern oder die normale Nutzung oder den Genuss derselben verhindern k\u00f6nnte.<\/p>\r\n\r\n\r\n\r\n<h3 class=\"wp-block-heading\">4. Geistiges und gewerbliches Eigentum<\/h3>\r\n\r\n\r\n\r\n<p>Der Inhaber ist der Eigent\u00fcmer oder verf\u00fcgt gegebenenfalls \u00fcber die entsprechenden Lizenzen f\u00fcr die Verwertung des geistigen und gewerblichen Eigentums der Website sowie aller darin angebotenen Inhalte, einschlie\u00dflich, aber nicht beschr\u00e4nkt auf: Programmierung, Bearbeitung, Zusammenstellung und andere f\u00fcr den Betrieb notwendige Elemente, Designs, Logos, Texte, Grafiken und\/oder andere Inhalte.<\/p>\r\n\r\n\r\n\r\n<p>Die vollst\u00e4ndige oder teilweise Vervielf\u00e4ltigung, Nutzung, Verwertung, Verbreitung und Kommerzialisierung ist ohne vorherige schriftliche Genehmigung des Eigent\u00fcmers ausdr\u00fccklich verboten. Jede nicht zuvor vom Beherberger genehmigte Verwendung gilt als schwerwiegende Verletzung der geistigen oder gewerblichen Eigentumsrechte des Urhebers.<\/p>\r\n\r\n\r\n\r\n<h3 class=\"wp-block-heading\">5. Verantwortung<\/h3>\r\n\r\n\r\n\r\n<p>Der Eigent\u00fcmer haftet nicht f\u00fcr Sch\u00e4den jeglicher Art, die durch Fehler oder Auslassungen im Inhalt, mangelnde Verf\u00fcgbarkeit der Website oder die \u00dcbertragung von Viren oder b\u00f6sartigen oder sch\u00e4dlichen Programmen im Inhalt verursacht werden k\u00f6nnen, obwohl er alle erforderlichen technischen Ma\u00dfnahmen zu deren Verhinderung getroffen hat.<\/p>\r\n\r\n\r\n\r\n<p>Die Website kann Links zu Websites von Dritten enthalten. Der Eigent\u00fcmer \u00fcbernimmt keine Verantwortung f\u00fcr den Inhalt, die Datenschutzrichtlinien oder die Praktiken solcher Websites.<\/p>\r\n\r\n\r\n\r\n<h3 class=\"wp-block-heading\">6. \u00c4nderungen<\/h3>\r\n\r\n\r\n\r\n<p>Der Beherberger beh\u00e4lt sich das Recht vor, ohne Vorank\u00fcndigung \u00c4nderungen an der Website vorzunehmen, die er f\u00fcr angemessen h\u00e4lt, und kann sowohl den Inhalt und die Dienstleistungen, die \u00fcber die Website angeboten werden, als auch die Art und Weise, wie sie auf der Website pr\u00e4sentiert oder platziert werden, \u00e4ndern, l\u00f6schen oder hinzuf\u00fcgen.<\/p>\r\n\r\n\r\n\r\n<h3 class=\"wp-block-heading\">7. Schutz der personenbezogenen Daten<\/h3>\r\n\r\n\r\n\r\n<p>Der Inhaber verpflichtet sich, die Vorschriften zum Schutz personenbezogener Daten einzuhalten und garantiert die vollst\u00e4ndige Einhaltung der festgelegten Verpflichtungen sowie die Umsetzung der Sicherheitsma\u00dfnahmen, die in der Allgemeinen Datenschutzverordnung (RGPD) und dem Organgesetz zum Datenschutz und zur Gew\u00e4hrleistung der digitalen Rechte (LOPDGDD) festgelegt sind. Weitere Informationen finden Sie in unserer Datenschutzrichtlinie.<\/p>\r\n\r\n\r\n\r\n<h3 class=\"wp-block-heading\">8. Anwendbares Recht und Gerichtsbarkeit<\/h3>\r\n\r\n\r\n\r\n<p>Die Beziehungen zwischen dem Eigent\u00fcmer und den Nutzern der Website unterliegen der geltenden spanischen Gesetzgebung, und alle Streitigkeiten werden den Gerichten und Tribunalen der Stadt [Stadt] vorgelegt, sofern die geltenden Vorschriften nichts anderes vorsehen.<\/p>\r\n\r\n\r\n\r\n<h3 class=\"wp-block-heading\">9. Kontakt<\/h3>\r\n\r\n\r\n\r\n<p>Wenn Sie Fragen zu diesen Bedingungen haben, wenden Sie sich bitte an die folgende E-Mail-Adresse: info@ladysescortsibiza.com<\/p>\r\n\r\n\r\n<hr class=\"wp-block-separator has-alpha-channel-opacity\" \/>\r\n\r\n\r\n<p>Durch die Nutzung unserer Website erkl\u00e4ren Sie sich mit den Bedingungen dieses rechtlichen Hinweises einverstanden. Wenn Sie mit diesen Bedingungen nicht einverstanden sind, nutzen Sie unsere Website bitte nicht.<\/p>\r\n\r\n\r\n\r\n<p>Vielen Dank f\u00fcr Ihren Besuch auf ladysescortsibiza.com.<\/p>","protected":false},"excerpt":{"rendered":"<p>Fecha de entrada en vigor: Junio del 2024 1. Titularidad del Sitio Web El presente aviso legal regula el uso [&hellip;]<\/p>","protected":false},"author":4,"featured_media":0,"parent":0,"menu_order":0,"comment_status":"closed","ping_status":"closed","template":"","meta":{"_acf_changed":false,"site-sidebar-layout":"default","site-content-layout":"","ast-site-content-layout":"default","site-content-style":"default","site-sidebar-style":"default","ast-global-header-display":"","ast-banner-title-visibility":"","ast-main-header-display":"","ast-hfb-above-header-display":"","ast-hfb-below-header-display":"","ast-hfb-mobile-header-display":"","site-post-title":"","ast-breadcrumbs-content":"","ast-featured-img":"","footer-sml-layout":"","theme-transparent-header-meta":"default","adv-header-id-meta":"","stick-header-meta":"","header-above-stick-meta":"","header-main-stick-meta":"","header-below-stick-meta":"","astra-migrate-meta-layouts":"set","ast-page-background-enabled":"default","ast-page-background-meta":{"desktop":{"background-color":"var(--ast-global-color-4)","background-image":"","background-repeat":"repeat","background-position":"center center","background-size":"auto","background-attachment":"scroll","background-type":"","background-media":"","overlay-type":"","overlay-color":"","overlay-opacity":"","overlay-gradient":""},"tablet":{"background-color":"","background-image":"","background-repeat":"repeat","background-position":"center center","background-size":"auto","background-attachment":"scroll","background-type":"","background-media":"","overlay-type":"","overlay-color":"","overlay-opacity":"","overlay-gradient":""},"mobile":{"background-color":"","background-image":"","background-repeat":"repeat","background-position":"center center","background-size":"auto","background-attachment":"scroll","background-type":"","background-media":"","overlay-type":"","overlay-color":"","overlay-opacity":"","overlay-gradient":""}},"ast-content-background-meta":{"desktop":{"background-color":"var(--ast-global-color-5)","background-image":"","background-repeat":"repeat","background-position":"center center","background-size":"auto","background-attachment":"scroll","background-type":"","background-media":"","overlay-type":"","overlay-color":"","overlay-opacity":"","overlay-gradient":""},"tablet":{"background-color":"var(--ast-global-color-5)","background-image":"","background-repeat":"repeat","background-position":"center center","background-size":"auto","background-attachment":"scroll","background-type":"","background-media":"","overlay-type":"","overlay-color":"","overlay-opacity":"","overlay-gradient":""},"mobile":{"background-color":"var(--ast-global-color-5)","background-image":"","background-repeat":"repeat","background-position":"center center","background-size":"auto","background-attachment":"scroll","background-type":"","background-media":"","overlay-type":"","overlay-color":"","overlay-opacity":"","overlay-gradient":""}},"_joinchat":[],"footnotes":""},"acf":[],"_links":{"self":[{"href":"https:\/\/ladysescortsibiza.com\/de\/wp-json\/wp\/v2\/pages\/1324"}],"collection":[{"href":"https:\/\/ladysescortsibiza.com\/de\/wp-json\/wp\/v2\/pages"}],"about":[{"href":"https:\/\/ladysescortsibiza.com\/de\/wp-json\/wp\/v2\/types\/page"}],"author":[{"embeddable":true,"href":"https:\/\/ladysescortsibiza.com\/de\/wp-json\/wp\/v2\/users\/4"}],"replies":[{"embeddable":true,"href":"https:\/\/ladysescortsibiza.com\/de\/wp-json\/wp\/v2\/comments?post=1324"}],"version-history":[{"count":4,"href":"https:\/\/ladysescortsibiza.com\/de\/wp-json\/wp\/v2\/pages\/1324\/revisions"}],"predecessor-version":[{"id":3906,"href":"https:\/\/ladysescortsibiza.com\/de\/wp-json\/wp\/v2\/pages\/1324\/revisions\/3906"}],"wp:attachment":[{"href":"https:\/\/ladysescortsibiza.com\/de\/wp-json\/wp\/v2\/media?parent=1324"}],"curies":[{"name":"wp","href":"https:\/\/api.w.org\/{rel}","templated":true}]}}